{"id":411,"date":"2021-08-27T12:19:36","date_gmt":"2021-08-27T12:19:36","guid":{"rendered":"http:\/\/dummy.xtemos.com\/woodmart2\/elementor\/?post_type=product&#038;p=411"},"modified":"2025-04-19T16:23:20","modified_gmt":"2025-04-19T16:23:20","slug":"dell-latitude-5330","status":"publish","type":"product","link":"https:\/\/www.dreamtechnologie.com\/?product=dell-latitude-5330","title":{"rendered":"Dell Latitude 5330"},"content":{"rendered":"<div id=\"attachment_28041\" style=\"width: 410px\" class=\"wp-caption alignright\"><img fetchpriority=\"high\" decoding=\"async\" aria-describedby=\"caption-attachment-28041\" class=\"size-medium wp-image-28041\" src=\"https:\/\/www.dreamtechnologie.com\/wp-content\/uploads\/2025\/04\/laptop-latitude-15-5530-pdp-module-5-Photoroom-400x254.png\" alt=\"Dell latitude 5330\" width=\"400\" height=\"254\" srcset=\"https:\/\/www.dreamtechnologie.com\/wp-content\/uploads\/2025\/04\/laptop-latitude-15-5530-pdp-module-5-Photoroom-400x254.png 400w, https:\/\/www.dreamtechnologie.com\/wp-content\/uploads\/2025\/04\/laptop-latitude-15-5530-pdp-module-5-Photoroom-1258x800.png 1258w, https:\/\/www.dreamtechnologie.com\/wp-content\/uploads\/2025\/04\/laptop-latitude-15-5530-pdp-module-5-Photoroom-768x488.png 768w, https:\/\/www.dreamtechnologie.com\/wp-content\/uploads\/2025\/04\/laptop-latitude-15-5530-pdp-module-5-Photoroom-1536x977.png 1536w, https:\/\/www.dreamtechnologie.com\/wp-content\/uploads\/2025\/04\/laptop-latitude-15-5530-pdp-module-5-Photoroom-430x273.png 430w, https:\/\/www.dreamtechnologie.com\/wp-content\/uploads\/2025\/04\/laptop-latitude-15-5530-pdp-module-5-Photoroom-700x445.png 700w, https:\/\/www.dreamtechnologie.com\/wp-content\/uploads\/2025\/04\/laptop-latitude-15-5530-pdp-module-5-Photoroom-150x95.png 150w, https:\/\/www.dreamtechnologie.com\/wp-content\/uploads\/2025\/04\/laptop-latitude-15-5530-pdp-module-5-Photoroom.png 1920w\" sizes=\"(max-width: 400px) 100vw, 400px\" \/><p id=\"caption-attachment-28041\" class=\"wp-caption-text\">Dell latitude 5330<\/p><\/div>\n<h1 data-start=\"67\" data-end=\"513\"><strong data-start=\"70\" data-end=\"110\">Dell Latitude 5330<\/strong><\/h1>\n<h5 data-start=\"67\" data-end=\"513\"><strong data-start=\"70\" data-end=\"110\"> i5 12\u1d49 G\u00e9n\u00e9ration<\/strong><br data-start=\"110\" data-end=\"113\" \/>D\u00e9couvrez la performance mobile par excellence avec le <strong data-start=\"168\" data-end=\"190\">Dell Latitude 5330<\/strong>, un ordinateur portable professionnel con\u00e7u pour allier <strong data-start=\"247\" data-end=\"283\">puissance, l\u00e9g\u00e8ret\u00e9 et autonomie<\/strong>. \u00c9quip\u00e9 d\u2019un <strong data-start=\"297\" data-end=\"343\">processeur Intel Core i5 de 12\u1d49 g\u00e9n\u00e9ration<\/strong>, de <strong data-start=\"348\" data-end=\"369\">16\u202fGo de RAM DDR4<\/strong>, et d\u2019un <strong data-start=\"379\" data-end=\"414\">SSD NVMe ultra-rapide de 512\u202fGo<\/strong>, il assure une fluidit\u00e9 remarquable pour toutes vos t\u00e2ches quotidiennes, m\u00eame les plus exigeantes.<\/h5>\n<p class=\"\" data-start=\"515\" data-end=\"850\">Avec son <strong data-start=\"524\" data-end=\"553\">\u00e9cran 13.3 pouces Full HD<\/strong>, ce laptop vous offre une excellente qualit\u00e9 d\u2019affichage dans un format compact, id\u00e9al pour les \u00e9tudiants, professionnels ou travailleurs en d\u00e9placement. Sa connectivit\u00e9 moderne (USB-C, HDMI, Wi-Fi rapide) et son autonomie renforc\u00e9e en font un alli\u00e9 de choix pour une productivit\u00e9 sans compromis.<\/p>\n<p class=\"\" data-start=\"852\" data-end=\"974\">\u2705 <strong data-start=\"854\" data-end=\"872\">Parfait pour :<\/strong> bureautique, navigation, visioconf\u00e9rence, multit\u00e2che.<br data-start=\"926\" data-end=\"929\" \/>\u2705 <strong data-start=\"931\" data-end=\"943\">Design :<\/strong> fin, robuste et professionnel.<\/p>\n<p class=\"\" data-start=\"976\" data-end=\"1169\">\n","protected":false},"excerpt":{"rendered":"<p class=\"\" data-start=\"124\" data-end=\"169\"><strong data-start=\"124\" data-end=\"169\">\u2714\ufe0f Dell Latitude 5330 &#8211; i5 12\u1d49 G\u00e9n\u00e9ration<\/strong><\/p>\n<ul data-start=\"171\" data-end=\"553\">\n<li class=\"\" data-start=\"171\" data-end=\"217\">\n<p class=\"\" data-start=\"173\" data-end=\"217\"><strong data-start=\"176\" data-end=\"192\">Processeur :<\/strong> Intel Core i5 (12\u1d49 g\u00e9n.)<\/p>\n<\/li>\n<li class=\"\" data-start=\"218\" data-end=\"279\">\n<p class=\"\" data-start=\"220\" data-end=\"279\"><strong data-start=\"223\" data-end=\"240\">M\u00e9moire RAM :<\/strong> 16\u202fGo DDR4 pour un multit\u00e2che fluide<\/p>\n<\/li>\n<li class=\"\" data-start=\"280\" data-end=\"332\">\n<p class=\"\" data-start=\"282\" data-end=\"332\"><strong data-start=\"285\" data-end=\"299\">Stockage :<\/strong> SSD NVMe ultra rapide \u2013 512\u202fGo<\/p>\n<\/li>\n<li class=\"\" data-start=\"333\" data-end=\"389\">\n<p class=\"\" data-start=\"335\" data-end=\"389\"><strong data-start=\"338\" data-end=\"349\">\u00c9cran :<\/strong> 13.3&Prime; Full HD \u2013 Compact &amp; confortable<\/p>\n<\/li>\n<li class=\"\" data-start=\"390\" data-end=\"454\">\n<p class=\"\" data-start=\"392\" data-end=\"454\"><strong data-start=\"395\" data-end=\"412\">Utilisation :<\/strong> Pro, bureautique, t\u00e9l\u00e9travail, \u00e9tudiant<\/p>\n<\/li>\n<li class=\"\" data-start=\"455\" data-end=\"504\">\n<p class=\"\" data-start=\"457\" data-end=\"504\"><strong data-start=\"460\" data-end=\"477\">Connectique :<\/strong> USB-C, HDMI, Wi-Fi, etc.<\/p>\n<\/li>\n<li class=\"\" data-start=\"505\" data-end=\"553\">\n<p class=\"\" data-start=\"507\" data-end=\"553\">L\u00e9ger, performant et pens\u00e9 pour la mobilit\u00e9<\/p>\n<\/li>\n<\/ul>\n","protected":false},"featured_media":27954,"comment_status":"open","ping_status":"closed","template":"","meta":[],"product_brand":[105],"product_cat":[113],"product_tag":[106],"class_list":{"0":"post-411","1":"product","2":"type-product","3":"status-publish","4":"has-post-thumbnail","6":"product_brand-dell","7":"product_cat-dell","8":"product_tag-dl-5330","10":"first","11":"instock","12":"sale","13":"shipping-taxable","14":"purchasable","15":"product-type-simple"},"_links":{"self":[{"href":"https:\/\/www.dreamtechnologie.com\/index.php?rest_route=\/wp\/v2\/product\/411","targetHints":{"allow":["GET"]}}],"collection":[{"href":"https:\/\/www.dreamtechnologie.com\/index.php?rest_route=\/wp\/v2\/product"}],"about":[{"href":"https:\/\/www.dreamtechnologie.com\/index.php?rest_route=\/wp\/v2\/types\/product"}],"replies":[{"embeddable":true,"href":"https:\/\/www.dreamtechnologie.com\/index.php?rest_route=%2Fwp%2Fv2%2Fcomments&post=411"}],"version-history":[{"count":7,"href":"https:\/\/www.dreamtechnologie.com\/index.php?rest_route=\/wp\/v2\/product\/411\/revisions"}],"predecessor-version":[{"id":28109,"href":"https:\/\/www.dreamtechnologie.com\/index.php?rest_route=\/wp\/v2\/product\/411\/revisions\/28109"}],"wp:featuredmedia":[{"embeddable":true,"href":"https:\/\/www.dreamtechnologie.com\/index.php?rest_route=\/wp\/v2\/media\/27954"}],"wp:attachment":[{"href":"https:\/\/www.dreamtechnologie.com\/index.php?rest_route=%2Fwp%2Fv2%2Fmedia&parent=411"}],"wp:term":[{"taxonomy":"product_brand","embeddable":true,"href":"https:\/\/www.dreamtechnologie.com\/index.php?rest_route=%2Fwp%2Fv2%2Fproduct_brand&post=411"},{"taxonomy":"product_cat","embeddable":true,"href":"https:\/\/www.dreamtechnologie.com\/index.php?rest_route=%2Fwp%2Fv2%2Fproduct_cat&post=411"},{"taxonomy":"product_tag","embeddable":true,"href":"https:\/\/www.dreamtechnologie.com\/index.php?rest_route=%2Fwp%2Fv2%2Fproduct_tag&post=411"}],"curies":[{"name":"wp","href":"https:\/\/api.w.org\/{rel}","templated":true}]}}