{"id":28553,"date":"2025-05-25T11:17:57","date_gmt":"2025-05-25T11:17:57","guid":{"rendered":"https:\/\/www.dreamtechnologie.com\/?post_type=product&#038;p=28553"},"modified":"2025-05-25T11:17:57","modified_gmt":"2025-05-25T11:17:57","slug":"casque-zd-30","status":"publish","type":"product","link":"https:\/\/www.dreamtechnologie.com\/?product=casque-zd-30","title":{"rendered":"CASQUE ZD-30"},"content":{"rendered":"<p class=\"\" data-start=\"645\" data-end=\"697\">Casque Bluetooth ZD-30 \u2013 Son immersif &amp; Design RGB**<\/p>\n<p class=\"\" data-start=\"699\" data-end=\"1004\">Offrez-vous une exp\u00e9rience sonore unique avec le <strong data-start=\"748\" data-end=\"764\">Casque ZD-30<\/strong>, un casque sans fil moderne con\u00e7u pour allier style et performance. Gr\u00e2ce \u00e0 son design ergonomique et son <strong data-start=\"871\" data-end=\"888\">\u00e9clairage RGB<\/strong>, il attire tous les regards, que vous soyez en pleine session gaming ou en train d\u2019\u00e9couter votre playlist pr\u00e9f\u00e9r\u00e9e.<\/p>\n<p class=\"\" data-start=\"1006\" data-end=\"1333\">Profitez d\u2019un <strong data-start=\"1020\" data-end=\"1043\">son st\u00e9r\u00e9o puissant<\/strong>, de basses profondes et d\u2019un confort optimal avec ses coussinets rembourr\u00e9s. Dot\u00e9 d\u2019un <strong data-start=\"1131\" data-end=\"1148\">micro int\u00e9gr\u00e9<\/strong>, il est id\u00e9al pour les appels, visioconf\u00e9rences ou jeux en ligne. Le ZD-30 propose \u00e9galement une <strong data-start=\"1246\" data-end=\"1269\">double connectivit\u00e9<\/strong> : Bluetooth sans fil ou connexion filaire via prise jack 3.5mm.<\/p>\n<p class=\"\" data-start=\"1335\" data-end=\"1502\">Avec son <strong data-start=\"1344\" data-end=\"1373\">autonomie de 6 \u00e0 8 heures<\/strong>, vous pouvez l\u2019utiliser toute la journ\u00e9e sans souci. C\u2019est le choix parfait pour les amateurs de gaming, de musique et de style.<\/p>\n","protected":false},"excerpt":{"rendered":"<ul data-start=\"183\" data-end=\"592\">\n<li class=\"\" data-start=\"183\" data-end=\"242\">\n<p class=\"\" data-start=\"185\" data-end=\"242\"> <strong data-start=\"188\" data-end=\"196\">Type<\/strong> : Casque Bluetooth ZD-30 avec \u00e9clairage RGB<\/p>\n<\/li>\n<li class=\"\" data-start=\"243\" data-end=\"293\">\n<p class=\"\" data-start=\"245\" data-end=\"293\"> <strong data-start=\"248\" data-end=\"261\">Autonomie<\/strong> : Jusqu\u2019\u00e0 6-8 heures d\u2019\u00e9coute<\/p>\n<\/li>\n<li class=\"\" data-start=\"294\" data-end=\"338\">\n<p class=\"\" data-start=\"296\" data-end=\"338\">\ufe0f <strong data-start=\"300\" data-end=\"317\">Micro int\u00e9gr\u00e9<\/strong> pour appels clairs<\/p>\n<\/li>\n<li class=\"\" data-start=\"339\" data-end=\"381\">\n<p class=\"\" data-start=\"341\" data-end=\"381\"> <strong data-start=\"344\" data-end=\"362\">Qualit\u00e9 sonore<\/strong> st\u00e9r\u00e9o immersive<\/p>\n<\/li>\n<li class=\"\" data-start=\"382\" data-end=\"434\">\n<p class=\"\" data-start=\"384\" data-end=\"434\"> <strong data-start=\"387\" data-end=\"401\">Compatible<\/strong> avec PC, t\u00e9l\u00e9phones, tablettes<\/p>\n<\/li>\n<li class=\"\" data-start=\"435\" data-end=\"489\">\n<p class=\"\" data-start=\"437\" data-end=\"489\"> <strong data-start=\"440\" data-end=\"449\">Id\u00e9al<\/strong> pour gaming, musique, visioconf\u00e9rence<\/p>\n<\/li>\n<li class=\"\" data-start=\"490\" data-end=\"544\">\n<p class=\"\" data-start=\"492\" data-end=\"544\"> <strong data-start=\"495\" data-end=\"511\">Connectivit\u00e9<\/strong> : Bluetooth + c\u00e2ble jack 3.5mm<\/p>\n<\/li>\n<li class=\"\" data-start=\"545\" data-end=\"592\">\n<p class=\"\" data-start=\"547\" data-end=\"592\"> <strong data-start=\"550\" data-end=\"569\">Effets lumineux<\/strong> LED multicolores (RGB)<\/p>\n<\/li>\n<\/ul>\n","protected":false},"featured_media":28556,"comment_status":"open","ping_status":"closed","template":"","meta":[],"product_brand":[],"product_cat":[143],"product_tag":[],"class_list":{"0":"post-28553","1":"product","2":"type-product","3":"status-publish","4":"has-post-thumbnail","6":"product_cat-audio","8":"first","9":"instock","10":"shipping-taxable","11":"purchasable","12":"product-type-simple"},"_links":{"self":[{"href":"https:\/\/www.dreamtechnologie.com\/index.php?rest_route=\/wp\/v2\/product\/28553","targetHints":{"allow":["GET"]}}],"collection":[{"href":"https:\/\/www.dreamtechnologie.com\/index.php?rest_route=\/wp\/v2\/product"}],"about":[{"href":"https:\/\/www.dreamtechnologie.com\/index.php?rest_route=\/wp\/v2\/types\/product"}],"replies":[{"embeddable":true,"href":"https:\/\/www.dreamtechnologie.com\/index.php?rest_route=%2Fwp%2Fv2%2Fcomments&post=28553"}],"version-history":[{"count":1,"href":"https:\/\/www.dreamtechnologie.com\/index.php?rest_route=\/wp\/v2\/product\/28553\/revisions"}],"predecessor-version":[{"id":28558,"href":"https:\/\/www.dreamtechnologie.com\/index.php?rest_route=\/wp\/v2\/product\/28553\/revisions\/28558"}],"wp:featuredmedia":[{"embeddable":true,"href":"https:\/\/www.dreamtechnologie.com\/index.php?rest_route=\/wp\/v2\/media\/28556"}],"wp:attachment":[{"href":"https:\/\/www.dreamtechnologie.com\/index.php?rest_route=%2Fwp%2Fv2%2Fmedia&parent=28553"}],"wp:term":[{"taxonomy":"product_brand","embeddable":true,"href":"https:\/\/www.dreamtechnologie.com\/index.php?rest_route=%2Fwp%2Fv2%2Fproduct_brand&post=28553"},{"taxonomy":"product_cat","embeddable":true,"href":"https:\/\/www.dreamtechnologie.com\/index.php?rest_route=%2Fwp%2Fv2%2Fproduct_cat&post=28553"},{"taxonomy":"product_tag","embeddable":true,"href":"https:\/\/www.dreamtechnologie.com\/index.php?rest_route=%2Fwp%2Fv2%2Fproduct_tag&post=28553"}],"curies":[{"name":"wp","href":"https:\/\/api.w.org\/{rel}","templated":true}]}}