{"id":28545,"date":"2025-05-20T18:17:15","date_gmt":"2025-05-20T18:17:15","guid":{"rendered":"https:\/\/www.dreamtechnologie.com\/?post_type=product&#038;p=28545"},"modified":"2025-05-20T18:20:13","modified_gmt":"2025-05-20T18:20:13","slug":"jeu-scrable-classique","status":"publish","type":"product","link":"https:\/\/www.dreamtechnologie.com\/?product=jeu-scrable-classique","title":{"rendered":"JEU SCRABLE CLASSIQUE"},"content":{"rendered":"<p data-start=\"483\" data-end=\"741\">JEU SCRABLE CLASSIQUE<\/p>\n<p class=\"\" data-start=\"483\" data-end=\"741\">Plongez dans l\u2019univers des mots avec le c\u00e9l\u00e8bre <strong data-start=\"531\" data-end=\"568\">jeu de soci\u00e9t\u00e9 SCRABBLE Classique<\/strong> \u2013 un jeu \u00e9ducatif et amusant, parfait pour toute la famille. Con\u00e7u pour stimuler la m\u00e9moire, l\u2019orthographe et la strat\u00e9gie, SCRABBLE est un incontournable des soir\u00e9es jeux.<\/p>\n<p class=\"\" data-start=\"743\" data-end=\"768\">Contenu du coffret :<\/p>\n<ul data-start=\"769\" data-end=\"882\">\n<li class=\"\" data-start=\"769\" data-end=\"789\">\n<p class=\"\" data-start=\"771\" data-end=\"789\">1 plateau de jeu<\/p>\n<\/li>\n<li class=\"\" data-start=\"790\" data-end=\"823\">\n<p class=\"\" data-start=\"792\" data-end=\"823\">102 lettres en bois\/plastique<\/p>\n<\/li>\n<li class=\"\" data-start=\"824\" data-end=\"857\">\n<p class=\"\" data-start=\"826\" data-end=\"857\">4 chevalets + 1 sac \u00e0 lettres<\/p>\n<\/li>\n<li class=\"\" data-start=\"858\" data-end=\"882\">\n<p class=\"\" data-start=\"860\" data-end=\"882\">R\u00e8gle du jeu incluse<\/p>\n<\/li>\n<\/ul>\n<p class=\"\" data-start=\"884\" data-end=\"1128\"><strong data-start=\"887\" data-end=\"897\">Public<\/strong> : \u00e0 partir de 10 ans \u2013 <strong data-start=\"921\" data-end=\"938\">2 \u00e0 4 joueurs<\/strong><br data-start=\"938\" data-end=\"941\" \/>Objectif : former les mots les plus valides et marquer un maximum de points gr\u00e2ce aux cases multiplicatrices.<br data-start=\"1053\" data-end=\"1056\" \/>\u2714\ufe0f Version <strong data-start=\"1067\" data-end=\"1092\">classique en fran\u00e7ais<\/strong>, sous emballage officiel, import\u00e9e.<\/p>\n<blockquote data-start=\"1130\" data-end=\"1330\">\n<p class=\"\" data-start=\"1132\" data-end=\"1330\">\u2b50 Parfait pour les amateurs de jeux \u00e9ducatifs, les \u00e9coles, biblioth\u00e8ques ou comme cadeau.<br data-start=\"1221\" data-end=\"1224\" \/><strong data-start=\"1224\" data-end=\"1241\">Mots-cl\u00e9s SEO<\/strong> : scrabble classique original, jeu \u00e9ducatif fran\u00e7ais, jeu lettres famille, jeu de mots<\/p>\n<\/blockquote>\n","protected":false},"excerpt":{"rendered":"<p>Jeu <strong data-start=\"170\" data-end=\"192\">SCRABBLE Classique<\/strong><br data-start=\"192\" data-end=\"195\" \/>\u2022 Format <strong data-start=\"204\" data-end=\"216\">fran\u00e7ais<\/strong>, version originale<br data-start=\"235\" data-end=\"238\" \/>\u2022 Jusqu\u2019\u00e0 <strong data-start=\"248\" data-end=\"261\">4 joueurs<\/strong> \u2013 d\u00e8s <strong data-start=\"268\" data-end=\"278\">10 ans<\/strong><br data-start=\"278\" data-end=\"281\" \/>\u2022 Plateau, lettres, chevalets inclus<br data-start=\"317\" data-end=\"320\" \/>\u2022 Id\u00e9al pour d\u00e9velopper le vocabulaire<br data-start=\"358\" data-end=\"361\" \/>\u2022 Produit de marque officielle<br data-start=\"391\" data-end=\"394\" \/>\u2022 \u00c9tat : <strong data-start=\"403\" data-end=\"426\">neuf sous emballage<\/strong><\/p>\n","protected":false},"featured_media":28547,"comment_status":"open","ping_status":"closed","template":"","meta":[],"product_brand":[],"product_cat":[37],"product_tag":[],"class_list":{"0":"post-28545","1":"product","2":"type-product","3":"status-publish","4":"has-post-thumbnail","6":"product_cat-loisirs","8":"first","9":"instock","10":"shipping-taxable","11":"purchasable","12":"product-type-simple"},"_links":{"self":[{"href":"https:\/\/www.dreamtechnologie.com\/index.php?rest_route=\/wp\/v2\/product\/28545","targetHints":{"allow":["GET"]}}],"collection":[{"href":"https:\/\/www.dreamtechnologie.com\/index.php?rest_route=\/wp\/v2\/product"}],"about":[{"href":"https:\/\/www.dreamtechnologie.com\/index.php?rest_route=\/wp\/v2\/types\/product"}],"replies":[{"embeddable":true,"href":"https:\/\/www.dreamtechnologie.com\/index.php?rest_route=%2Fwp%2Fv2%2Fcomments&post=28545"}],"version-history":[{"count":2,"href":"https:\/\/www.dreamtechnologie.com\/index.php?rest_route=\/wp\/v2\/product\/28545\/revisions"}],"predecessor-version":[{"id":28551,"href":"https:\/\/www.dreamtechnologie.com\/index.php?rest_route=\/wp\/v2\/product\/28545\/revisions\/28551"}],"wp:featuredmedia":[{"embeddable":true,"href":"https:\/\/www.dreamtechnologie.com\/index.php?rest_route=\/wp\/v2\/media\/28547"}],"wp:attachment":[{"href":"https:\/\/www.dreamtechnologie.com\/index.php?rest_route=%2Fwp%2Fv2%2Fmedia&parent=28545"}],"wp:term":[{"taxonomy":"product_brand","embeddable":true,"href":"https:\/\/www.dreamtechnologie.com\/index.php?rest_route=%2Fwp%2Fv2%2Fproduct_brand&post=28545"},{"taxonomy":"product_cat","embeddable":true,"href":"https:\/\/www.dreamtechnologie.com\/index.php?rest_route=%2Fwp%2Fv2%2Fproduct_cat&post=28545"},{"taxonomy":"product_tag","embeddable":true,"href":"https:\/\/www.dreamtechnologie.com\/index.php?rest_route=%2Fwp%2Fv2%2Fproduct_tag&post=28545"}],"curies":[{"name":"wp","href":"https:\/\/api.w.org\/{rel}","templated":true}]}}