{"id":28533,"date":"2025-05-18T12:28:36","date_gmt":"2025-05-18T12:28:36","guid":{"rendered":"https:\/\/www.dreamtechnologie.com\/?post_type=product&#038;p=28533"},"modified":"2025-05-18T12:33:43","modified_gmt":"2025-05-18T12:33:43","slug":"hp-elitebook-1030-g2","status":"publish","type":"product","link":"https:\/\/www.dreamtechnologie.com\/?product=hp-elitebook-1030-g2","title":{"rendered":"HP EliteBook 1030 G2"},"content":{"rendered":"<p class=\"\" data-start=\"2112\" data-end=\"2276\">Le <strong data-start=\"2145\" data-end=\"2169\">HP EliteBook 1030 G2<\/strong>\u00a0est un mod\u00e8le raffin\u00e9, l\u00e9ger et silencieux. Il offre de <strong data-start=\"2226\" data-end=\"2249\">hautes performances<\/strong> dans un format compact :<\/p>\n<p class=\"\" data-start=\"2278\" data-end=\"2528\">\u2022 Intel Core i5 7<strong data-start=\"2294\" data-end=\"2311\">\u1d49 g\u00e9n\u00e9ration<\/strong><br data-start=\"2311\" data-end=\"2314\" \/>\u2022 SSD NVMe <strong data-start=\"2325\" data-end=\"2335\">512 Go<\/strong> pour une r\u00e9activit\u00e9 fulgurante<br data-start=\"2366\" data-end=\"2369\" \/>\u2022 \u00c9cran <strong data-start=\"2377\" data-end=\"2406\">13,3&Prime; Full HD IPS tactile<\/strong> borderless<br data-start=\"2417\" data-end=\"2420\" \/>\u2022 <strong data-start=\"2422\" data-end=\"2453\">Autonomie test\u00e9e &gt; 4 heures<\/strong> (selon usage)<br data-start=\"2467\" data-end=\"2470\" \/>\u2022 Design fin, clavier r\u00e9tro\u00e9clair\u00e9, s\u00e9curit\u00e9 biom\u00e9trique<\/p>\n<blockquote data-start=\"2530\" data-end=\"2705\">\n<p class=\"\" data-start=\"2532\" data-end=\"2705\">Excellent choix pour mobilit\u00e9, r\u00e9union, et bureautique haut niveau.<\/p>\n<\/blockquote>\n","protected":false},"excerpt":{"rendered":"<h4>HP EliteBook 1030 G2<\/h4>\n<ul>\n<li><strong data-start=\"1754\" data-end=\"1768\">Processeur<\/strong> : Intel Core i5 \u2013 7\u1d49 g\u00e9n\u00e9ration<\/li>\n<li>\n<h4><strong data-start=\"1805\" data-end=\"1812\">RAM<\/strong> : 8 Go DDR4<\/h4>\n<\/li>\n<li>\n<h4><strong data-start=\"1829\" data-end=\"1841\">Stockage<\/strong> : 512 Go SSD NVMe<\/h4>\n<\/li>\n<li><strong data-start=\"1864\" data-end=\"1873\">\u00c9cran<\/strong> : 13,3&Prime; Full HD IPS tactile bord ultra-fin<\/li>\n<li>\n<h4><strong data-start=\"1921\" data-end=\"1934\">Autonomie<\/strong> : +4 h r\u00e9elle<\/h4>\n<\/li>\n<li>\n<h4><strong data-start=\"1953\" data-end=\"1965\">S\u00e9curit\u00e9<\/strong> : IR cam\u00e9ra + lecteur d\u2019empreinte<\/h4>\n<\/li>\n<li>\n<h4><strong data-start=\"2004\" data-end=\"2014\">Design<\/strong> : finition haut de gamme, ultral\u00e9ger<\/h4>\n<\/li>\n<li>\n<h4>Occasion import\u00e9e de France \u2013 reconditionn\u00e9 test\u00e9<\/h4>\n<\/li>\n<\/ul>\n","protected":false},"featured_media":28522,"comment_status":"open","ping_status":"closed","template":"","meta":[],"product_brand":[53],"product_cat":[112],"product_tag":[164],"class_list":{"0":"post-28533","1":"product","2":"type-product","3":"status-publish","4":"has-post-thumbnail","6":"product_brand-hp","7":"product_cat-hp","8":"product_tag-1030g2","10":"first","11":"instock","12":"sale","13":"shipping-taxable","14":"purchasable","15":"product-type-simple"},"_links":{"self":[{"href":"https:\/\/www.dreamtechnologie.com\/index.php?rest_route=\/wp\/v2\/product\/28533","targetHints":{"allow":["GET"]}}],"collection":[{"href":"https:\/\/www.dreamtechnologie.com\/index.php?rest_route=\/wp\/v2\/product"}],"about":[{"href":"https:\/\/www.dreamtechnologie.com\/index.php?rest_route=\/wp\/v2\/types\/product"}],"replies":[{"embeddable":true,"href":"https:\/\/www.dreamtechnologie.com\/index.php?rest_route=%2Fwp%2Fv2%2Fcomments&post=28533"}],"version-history":[{"count":1,"href":"https:\/\/www.dreamtechnologie.com\/index.php?rest_route=\/wp\/v2\/product\/28533\/revisions"}],"predecessor-version":[{"id":28534,"href":"https:\/\/www.dreamtechnologie.com\/index.php?rest_route=\/wp\/v2\/product\/28533\/revisions\/28534"}],"wp:featuredmedia":[{"embeddable":true,"href":"https:\/\/www.dreamtechnologie.com\/index.php?rest_route=\/wp\/v2\/media\/28522"}],"wp:attachment":[{"href":"https:\/\/www.dreamtechnologie.com\/index.php?rest_route=%2Fwp%2Fv2%2Fmedia&parent=28533"}],"wp:term":[{"taxonomy":"product_brand","embeddable":true,"href":"https:\/\/www.dreamtechnologie.com\/index.php?rest_route=%2Fwp%2Fv2%2Fproduct_brand&post=28533"},{"taxonomy":"product_cat","embeddable":true,"href":"https:\/\/www.dreamtechnologie.com\/index.php?rest_route=%2Fwp%2Fv2%2Fproduct_cat&post=28533"},{"taxonomy":"product_tag","embeddable":true,"href":"https:\/\/www.dreamtechnologie.com\/index.php?rest_route=%2Fwp%2Fv2%2Fproduct_tag&post=28533"}],"curies":[{"name":"wp","href":"https:\/\/api.w.org\/{rel}","templated":true}]}}