{"id":28516,"date":"2025-05-18T12:08:30","date_gmt":"2025-05-18T12:08:30","guid":{"rendered":"https:\/\/www.dreamtechnologie.com\/?post_type=product&#038;p=28516"},"modified":"2025-05-18T12:08:30","modified_gmt":"2025-05-18T12:08:30","slug":"hp-elitebook-830-g6","status":"publish","type":"product","link":"https:\/\/www.dreamtechnologie.com\/?product=hp-elitebook-830-g6","title":{"rendered":"HP EliteBook 830 G6"},"content":{"rendered":"<p class=\"\" data-start=\"3124\" data-end=\"3405\">Le <strong data-start=\"3157\" data-end=\"3180\">HP EliteBook 830 G6<\/strong> est un ultraportable robuste, performant et s\u00e9curis\u00e9.<br data-start=\"3234\" data-end=\"3237\" \/>Il embarque un processeur <strong data-start=\"3263\" data-end=\"3289\">Intel i5 8\u1d49 g\u00e9n\u00e9ration<\/strong>, avec 8 Go de RAM DDR4 et un <strong data-start=\"3319\" data-end=\"3341\">SSD NVMe de 128 Go<\/strong>, id\u00e9al pour la bureautique, le t\u00e9l\u00e9travail et l\u2019\u00e9dition l\u00e9g\u00e8re.<\/p>\n<p class=\"\" data-start=\"3407\" data-end=\"3609\"> <strong data-start=\"3410\" data-end=\"3452\">Autonomie test\u00e9e sup\u00e9rieure \u00e0 6 heures<\/strong>, id\u00e9al pour les d\u00e9placements<br data-start=\"3481\" data-end=\"3484\" \/>\ufe0f <strong data-start=\"3488\" data-end=\"3510\">S\u00e9curit\u00e9 renforc\u00e9e<\/strong> avec empreinte + BIOS HP + IR cam<br data-start=\"3544\" data-end=\"3547\" \/> \u00c9cran Full HD antireflet + clavier r\u00e9tro\u00e9clair\u00e9 confortable<\/p>\n<blockquote data-start=\"3611\" data-end=\"3783\">\n<p class=\"\" data-start=\"3613\" data-end=\"3783\">Format 13,3&Prime;, l\u00e9ger, silencieux \u2013 excellent rapport qualit\u00e9\/prix<br data-start=\"3677\" data-end=\"3680\" \/>\n<\/p>\n<\/blockquote>\n","protected":false},"excerpt":{"rendered":"<ul>\n<li style=\"text-align: left;\"><strong>Processeur : Intel Core i5 \u2013 8\u1d49 g\u00e9n\u00e9ration<\/strong><\/li>\n<li style=\"text-align: left;\"><strong>RAM : 8 Go DDR4<\/strong><\/li>\n<li style=\"text-align: left;\"><strong>Stockage : 128 Go SSD NVMe<\/strong><\/li>\n<li style=\"text-align: left;\"><strong>\u00c9cran : 13,3&Prime; Full HD<\/strong><\/li>\n<li style=\"text-align: left;\"><strong>Autonomie : &gt; 6 h r\u00e9elle<\/strong><\/li>\n<li style=\"text-align: left;\"><strong>Connectique compl\u00e8te : USB-C, HDMI, RJ45<\/strong><\/li>\n<li style=\"text-align: left;\"><strong>Clavier r\u00e9tro\u00e9clair\u00e9, lecteur d\u2019empreinte<\/strong><\/li>\n<li style=\"text-align: left;\"><strong>Reconditionn\u00e9 France \u2013 tr\u00e8s bon \u00e9tat<\/strong><\/li>\n<\/ul>\n","protected":false},"featured_media":28518,"comment_status":"open","ping_status":"closed","template":"","meta":[],"product_brand":[53],"product_cat":[112],"product_tag":[162],"class_list":{"0":"post-28516","1":"product","2":"type-product","3":"status-publish","4":"has-post-thumbnail","6":"product_brand-hp","7":"product_cat-hp","8":"product_tag-830-g6","10":"first","11":"instock","12":"sale","13":"shipping-taxable","14":"purchasable","15":"product-type-simple"},"_links":{"self":[{"href":"https:\/\/www.dreamtechnologie.com\/index.php?rest_route=\/wp\/v2\/product\/28516","targetHints":{"allow":["GET"]}}],"collection":[{"href":"https:\/\/www.dreamtechnologie.com\/index.php?rest_route=\/wp\/v2\/product"}],"about":[{"href":"https:\/\/www.dreamtechnologie.com\/index.php?rest_route=\/wp\/v2\/types\/product"}],"replies":[{"embeddable":true,"href":"https:\/\/www.dreamtechnologie.com\/index.php?rest_route=%2Fwp%2Fv2%2Fcomments&post=28516"}],"version-history":[{"count":1,"href":"https:\/\/www.dreamtechnologie.com\/index.php?rest_route=\/wp\/v2\/product\/28516\/revisions"}],"predecessor-version":[{"id":28520,"href":"https:\/\/www.dreamtechnologie.com\/index.php?rest_route=\/wp\/v2\/product\/28516\/revisions\/28520"}],"wp:featuredmedia":[{"embeddable":true,"href":"https:\/\/www.dreamtechnologie.com\/index.php?rest_route=\/wp\/v2\/media\/28518"}],"wp:attachment":[{"href":"https:\/\/www.dreamtechnologie.com\/index.php?rest_route=%2Fwp%2Fv2%2Fmedia&parent=28516"}],"wp:term":[{"taxonomy":"product_brand","embeddable":true,"href":"https:\/\/www.dreamtechnologie.com\/index.php?rest_route=%2Fwp%2Fv2%2Fproduct_brand&post=28516"},{"taxonomy":"product_cat","embeddable":true,"href":"https:\/\/www.dreamtechnologie.com\/index.php?rest_route=%2Fwp%2Fv2%2Fproduct_cat&post=28516"},{"taxonomy":"product_tag","embeddable":true,"href":"https:\/\/www.dreamtechnologie.com\/index.php?rest_route=%2Fwp%2Fv2%2Fproduct_tag&post=28516"}],"curies":[{"name":"wp","href":"https:\/\/api.w.org\/{rel}","templated":true}]}}