{"id":28484,"date":"2025-05-17T12:08:49","date_gmt":"2025-05-17T12:08:49","guid":{"rendered":"https:\/\/www.dreamtechnologie.com\/?post_type=product&#038;p=28484"},"modified":"2025-05-17T12:08:49","modified_gmt":"2025-05-17T12:08:49","slug":"lenovo-thinkpad-l570","status":"publish","type":"product","link":"https:\/\/www.dreamtechnologie.com\/?product=lenovo-thinkpad-l570","title":{"rendered":"LENOVO THINKPAD L570"},"content":{"rendered":"<h1 data-start=\"3143\" data-end=\"3238\">LENOVO THINKPAD L570<\/h1>\n<p class=\"\" data-start=\"3143\" data-end=\"3238\">Le <strong data-start=\"3162\" data-end=\"3179\">ThinkPad L570<\/strong> est con\u00e7u pour durer dans les environnements exigeants :<\/p>\n<ul data-start=\"3239\" data-end=\"3679\">\n<li class=\"\" data-start=\"3239\" data-end=\"3308\">\n<p class=\"\" data-start=\"3241\" data-end=\"3308\"><strong data-start=\"3241\" data-end=\"3272\">Intel Core i3 6\u1d49 g\u00e9n\u00e9ration<\/strong> pour un usage bureautique stable.<\/p>\n<\/li>\n<li class=\"\" data-start=\"3309\" data-end=\"3376\">\n<p class=\"\" data-start=\"3311\" data-end=\"3376\"><strong data-start=\"3311\" data-end=\"3331\">8 Go de RAM DDR4<\/strong> et <strong data-start=\"3335\" data-end=\"3349\">SSD 256 Go<\/strong> pour un syst\u00e8me r\u00e9actif.<\/p>\n<\/li>\n<li class=\"\" data-start=\"3377\" data-end=\"3454\">\n<p class=\"\" data-start=\"3379\" data-end=\"3454\"><strong data-start=\"3379\" data-end=\"3407\">\u00c9cran 15,6&Prime; Full HD mate<\/strong> anti-reflet, id\u00e9al pour un travail prolong\u00e9.<\/p>\n<\/li>\n<li class=\"\" data-start=\"3455\" data-end=\"3535\">\n<p class=\"\" data-start=\"3457\" data-end=\"3535\"><strong data-start=\"3457\" data-end=\"3469\">Wi-Fi ac<\/strong>, Ethernet Gigabit et connectique compl\u00e8te (USB 3.0, VGA, HDMI).<\/p>\n<\/li>\n<li class=\"\" data-start=\"3536\" data-end=\"3624\">\n<p class=\"\" data-start=\"3538\" data-end=\"3624\"><strong data-start=\"3538\" data-end=\"3579\">Ch\u00e2ssis renforc\u00e9 et clavier r\u00e9sistant<\/strong> aux projections pour une long\u00e9vit\u00e9 accrue.<\/p>\n<\/li>\n<li class=\"\" data-start=\"3625\" data-end=\"3679\">\n<p class=\"\" data-start=\"3627\" data-end=\"3679\"><strong data-start=\"3627\" data-end=\"3652\">Autonomie jusqu\u2019\u00e0 4 h<\/strong> et batterie rempla\u00e7able.<\/p>\n<\/li>\n<\/ul>\n<blockquote data-start=\"3681\" data-end=\"3766\" data-is-last-node=\"\" data-is-only-node=\"\">\n<p class=\"\" data-start=\"3683\" data-end=\"3766\"><strong data-start=\"3683\" data-end=\"3703\">DreamTechnologie<\/strong> : occasion import\u00e9e de France, \u00e9tat tr\u00e8s bon, garantie 6 mois.<\/p>\n<\/blockquote>\n","protected":false},"excerpt":{"rendered":"<p><strong data-start=\"3021\" data-end=\"3048\">LENOVO THINKPAD L570 Workhorse reconditionn\u00e9<\/strong><\/p>\n<p>Processeur : Intel Core i3 6\u1d49 g\u00e9n.<\/p>\n<p>Ram :8 Go DDR4,<\/p>\n<p>Stockage : SSD 256 Go,<\/p>\n<p>Affichage :ecran 15,6&Prime; Full HD mate. Fiable et durable.<\/p>\n","protected":false},"featured_media":28486,"comment_status":"open","ping_status":"closed","template":"","meta":[],"product_brand":[54],"product_cat":[114],"product_tag":[157],"class_list":{"0":"post-28484","1":"product","2":"type-product","3":"status-publish","4":"has-post-thumbnail","6":"product_brand-lenovo","7":"product_cat-lenovo","8":"product_tag-i3l570","10":"first","11":"instock","12":"shipping-taxable","13":"purchasable","14":"product-type-simple"},"_links":{"self":[{"href":"https:\/\/www.dreamtechnologie.com\/index.php?rest_route=\/wp\/v2\/product\/28484","targetHints":{"allow":["GET"]}}],"collection":[{"href":"https:\/\/www.dreamtechnologie.com\/index.php?rest_route=\/wp\/v2\/product"}],"about":[{"href":"https:\/\/www.dreamtechnologie.com\/index.php?rest_route=\/wp\/v2\/types\/product"}],"replies":[{"embeddable":true,"href":"https:\/\/www.dreamtechnologie.com\/index.php?rest_route=%2Fwp%2Fv2%2Fcomments&post=28484"}],"version-history":[{"count":1,"href":"https:\/\/www.dreamtechnologie.com\/index.php?rest_route=\/wp\/v2\/product\/28484\/revisions"}],"predecessor-version":[{"id":28489,"href":"https:\/\/www.dreamtechnologie.com\/index.php?rest_route=\/wp\/v2\/product\/28484\/revisions\/28489"}],"wp:featuredmedia":[{"embeddable":true,"href":"https:\/\/www.dreamtechnologie.com\/index.php?rest_route=\/wp\/v2\/media\/28486"}],"wp:attachment":[{"href":"https:\/\/www.dreamtechnologie.com\/index.php?rest_route=%2Fwp%2Fv2%2Fmedia&parent=28484"}],"wp:term":[{"taxonomy":"product_brand","embeddable":true,"href":"https:\/\/www.dreamtechnologie.com\/index.php?rest_route=%2Fwp%2Fv2%2Fproduct_brand&post=28484"},{"taxonomy":"product_cat","embeddable":true,"href":"https:\/\/www.dreamtechnologie.com\/index.php?rest_route=%2Fwp%2Fv2%2Fproduct_cat&post=28484"},{"taxonomy":"product_tag","embeddable":true,"href":"https:\/\/www.dreamtechnologie.com\/index.php?rest_route=%2Fwp%2Fv2%2Fproduct_tag&post=28484"}],"curies":[{"name":"wp","href":"https:\/\/api.w.org\/{rel}","templated":true}]}}