{"id":28467,"date":"2025-05-16T21:32:26","date_gmt":"2025-05-16T21:32:26","guid":{"rendered":"https:\/\/www.dreamtechnologie.com\/?post_type=product&#038;p=28467"},"modified":"2025-05-16T21:46:20","modified_gmt":"2025-05-16T21:46:20","slug":"lenovo-thinkpad-w540","status":"publish","type":"product","link":"https:\/\/www.dreamtechnologie.com\/?product=lenovo-thinkpad-w540","title":{"rendered":"Lenovo ThinkPad W540"},"content":{"rendered":"<h2 class=\"\" data-start=\"141\" data-end=\"218\">1. <strong data-start=\"147\" data-end=\"218\">Lenovo ThinkPad W540 \u2013 i7 4\u1d49 gen. \/ 16 Go \/ 512 Go SSD \/ GPU double<\/strong><\/h2>\n<h2 class=\"\" data-start=\"141\" data-end=\"218\">Le <strong data-start=\"422\" data-end=\"439\">ThinkPad W540<\/strong> est une v\u00e9ritable station de travail portable, ici import\u00e9e d\u2019occasion de France et test\u00e9e en parfait \u00e9tat :<\/h2>\n<ul data-start=\"551\" data-end=\"1113\">\n<li class=\"\" data-start=\"551\" data-end=\"630\">\n<p class=\"\" data-start=\"553\" data-end=\"630\"><strong data-start=\"553\" data-end=\"577\">CPU i7 4\u1d49 g\u00e9n\u00e9ration<\/strong> pour des calculs lourds et multit\u00e2che sans accroc.<\/p>\n<\/li>\n<li class=\"\" data-start=\"631\" data-end=\"728\">\n<p class=\"\" data-start=\"633\" data-end=\"728\"><strong data-start=\"633\" data-end=\"654\">16 Go de RAM DDR3<\/strong> et <strong data-start=\"658\" data-end=\"677\">SSD 512 Go NVMe<\/strong> garantissant vitesse et r\u00e9activit\u00e9 au quotidien.<\/p>\n<\/li>\n<li class=\"\" data-start=\"729\" data-end=\"846\">\n<p class=\"\" data-start=\"731\" data-end=\"846\"><strong data-start=\"731\" data-end=\"771\">Double carte graphique Nvidia Quadro<\/strong> pour des performances exceptionnelles en CAO, rendu 3D et \u00e9dition vid\u00e9o.<\/p>\n<\/li>\n<li class=\"\" data-start=\"847\" data-end=\"950\">\n<p class=\"\" data-start=\"849\" data-end=\"950\"><strong data-start=\"849\" data-end=\"883\">\u00c9cran 15,6&Prime; Full HD antireflet<\/strong> et clavier r\u00e9tro-\u00e9clair\u00e9 ThinkPad pour un confort professionnel.<\/p>\n<\/li>\n<li class=\"\" data-start=\"951\" data-end=\"1045\">\n<p class=\"\" data-start=\"953\" data-end=\"1045\"><strong data-start=\"953\" data-end=\"972\">Connectique pro<\/strong> : Thunderbolt, DisplayPort, HDMI, Ethernet Gigabit, lecteur SmartCard.<\/p>\n<\/li>\n<li class=\"\" data-start=\"1046\" data-end=\"1113\">\n<p class=\"\" data-start=\"1048\" data-end=\"1113\"><strong data-start=\"1048\" data-end=\"1060\">S\u00e9curit\u00e9<\/strong> renforc\u00e9e via TPM et lecteur d\u2019empreinte digitale.<\/p>\n<\/li>\n<\/ul>\n<blockquote data-start=\"1115\" data-end=\"1183\">\n<p class=\"\" data-start=\"1117\" data-end=\"1183\"><strong data-start=\"1117\" data-end=\"1137\">DreamTechnologie<\/strong> : garantie 6 mois,<\/p>\n<\/blockquote>\n","protected":false},"excerpt":{"rendered":"<p><strong>Lenovo ThinkPad W540<\/strong><\/p>\n<ul>\n<li data-start=\"220\" data-end=\"401\">\u00a0PROCESSEUR : Intel Core i7 4\u1d49 g\u00e9n.,<\/li>\n<li data-start=\"220\" data-end=\"401\">RAM :16 Go DDR3,<\/li>\n<li data-start=\"220\" data-end=\"401\">STOCKAGE : SSD 512 Go NVMe,<\/li>\n<li data-start=\"220\" data-end=\"401\">GRAPHIQUE :double GPU Nvidia Quadro.<\/li>\n<li data-start=\"220\" data-end=\"401\">Id\u00e9ale CAO\/DAO &amp; montage vid\u00e9o.<\/li>\n<\/ul>\n<p class=\"\" data-start=\"403\" data-end=\"550\">\n","protected":false},"featured_media":28473,"comment_status":"open","ping_status":"closed","template":"","meta":[],"product_brand":[54],"product_cat":[114],"product_tag":[155],"class_list":{"0":"post-28467","1":"product","2":"type-product","3":"status-publish","4":"has-post-thumbnail","6":"product_brand-lenovo","7":"product_cat-lenovo","8":"product_tag-w540j","10":"first","11":"instock","12":"shipping-taxable","13":"purchasable","14":"product-type-simple"},"_links":{"self":[{"href":"https:\/\/www.dreamtechnologie.com\/index.php?rest_route=\/wp\/v2\/product\/28467","targetHints":{"allow":["GET"]}}],"collection":[{"href":"https:\/\/www.dreamtechnologie.com\/index.php?rest_route=\/wp\/v2\/product"}],"about":[{"href":"https:\/\/www.dreamtechnologie.com\/index.php?rest_route=\/wp\/v2\/types\/product"}],"replies":[{"embeddable":true,"href":"https:\/\/www.dreamtechnologie.com\/index.php?rest_route=%2Fwp%2Fv2%2Fcomments&post=28467"}],"version-history":[{"count":3,"href":"https:\/\/www.dreamtechnologie.com\/index.php?rest_route=\/wp\/v2\/product\/28467\/revisions"}],"predecessor-version":[{"id":28474,"href":"https:\/\/www.dreamtechnologie.com\/index.php?rest_route=\/wp\/v2\/product\/28467\/revisions\/28474"}],"wp:featuredmedia":[{"embeddable":true,"href":"https:\/\/www.dreamtechnologie.com\/index.php?rest_route=\/wp\/v2\/media\/28473"}],"wp:attachment":[{"href":"https:\/\/www.dreamtechnologie.com\/index.php?rest_route=%2Fwp%2Fv2%2Fmedia&parent=28467"}],"wp:term":[{"taxonomy":"product_brand","embeddable":true,"href":"https:\/\/www.dreamtechnologie.com\/index.php?rest_route=%2Fwp%2Fv2%2Fproduct_brand&post=28467"},{"taxonomy":"product_cat","embeddable":true,"href":"https:\/\/www.dreamtechnologie.com\/index.php?rest_route=%2Fwp%2Fv2%2Fproduct_cat&post=28467"},{"taxonomy":"product_tag","embeddable":true,"href":"https:\/\/www.dreamtechnologie.com\/index.php?rest_route=%2Fwp%2Fv2%2Fproduct_tag&post=28467"}],"curies":[{"name":"wp","href":"https:\/\/api.w.org\/{rel}","templated":true}]}}