{"id":28455,"date":"2025-05-15T20:02:02","date_gmt":"2025-05-15T20:02:02","guid":{"rendered":"https:\/\/www.dreamtechnologie.com\/?post_type=product&#038;p=28455"},"modified":"2025-05-15T20:02:02","modified_gmt":"2025-05-15T20:02:02","slug":"omnia-80-g-a4-papier-premium-haute-performance","status":"publish","type":"product","link":"https:\/\/www.dreamtechnologie.com\/?product=omnia-80-g-a4-papier-premium-haute-performance","title":{"rendered":"Omnia 80 g A4 \u2013 Papier Premium Haute Performance"},"content":{"rendered":"<h4 class=\"\" data-start=\"1209\" data-end=\"1268\"><strong data-start=\"1214\" data-end=\"1266\">Omnia 80 g A4 \u2013 Papier Premium Haute Performance<\/strong><\/h4>\n<p class=\"\" data-start=\"1269\" data-end=\"1375\">Pour des documents qui marquent les esprits, choisissez la ramette <strong data-start=\"1336\" data-end=\"1345\">Omnia<\/strong> 80 g\/m\u00b2 A4 (500 feuilles) :<\/p>\n<ul data-start=\"1377\" data-end=\"1827\">\n<li class=\"\" data-start=\"1377\" data-end=\"1446\">\n<p class=\"\" data-start=\"1379\" data-end=\"1446\"> <strong data-start=\"1382\" data-end=\"1402\">Blancheur \u00e9lev\u00e9e<\/strong> : contrastes nets et rendu professionnel.<\/p>\n<\/li>\n<li class=\"\" data-start=\"1447\" data-end=\"1522\">\n<p class=\"\" data-start=\"1449\" data-end=\"1522\"> <strong data-start=\"1452\" data-end=\"1472\">Couleurs fid\u00e8les<\/strong> : id\u00e9al pour pr\u00e9sentations et rapports couleur.<\/p>\n<\/li>\n<li class=\"\" data-start=\"1523\" data-end=\"1593\">\n<p class=\"\" data-start=\"1525\" data-end=\"1593\"> <strong data-start=\"1528\" data-end=\"1549\">Opacit\u00e9 renforc\u00e9e<\/strong> : parfaite pour l\u2019impression recto verso.<\/p>\n<\/li>\n<li class=\"\" data-start=\"1594\" data-end=\"1678\">\n<p class=\"\" data-start=\"1596\" data-end=\"1678\">\u2699\ufe0f <strong data-start=\"1599\" data-end=\"1615\">Flux optimal<\/strong> : r\u00e9duit les bourrages et acc\u00e9l\u00e8re les impressions en s\u00e9rie.<\/p>\n<\/li>\n<li class=\"\" data-start=\"1679\" data-end=\"1728\">\n<p class=\"\" data-start=\"1681\" data-end=\"1728\"> <strong data-start=\"1684\" data-end=\"1703\">\u00c9co\u2010responsable<\/strong> : label PEFC\u2122 ou FSC\u00ae.<\/p>\n<\/li>\n<li class=\"\" data-start=\"1729\" data-end=\"1827\">\n<p class=\"\" data-start=\"1731\" data-end=\"1827\"> <strong data-start=\"1734\" data-end=\"1751\">Remise volume<\/strong> : b\u00e9n\u00e9ficiez d\u2019un <strong data-start=\"1770\" data-end=\"1792\">tarif pr\u00e9f\u00e9rentiel<\/strong> d\u00e8s l\u2019achat de 5 ramettes et plus.<\/p>\n<\/li>\n<\/ul>\n<blockquote data-start=\"1829\" data-end=\"1931\" data-is-last-node=\"\" data-is-only-node=\"\">\n<p class=\"\" data-start=\"1831\" data-end=\"1931\"><strong data-start=\"1831\" data-end=\"1851\">DreamTechnologie<\/strong> : stock permanent, livraison express 24-48 h et service client disponible 7j\/7.<\/p>\n<\/blockquote>\n","protected":false},"excerpt":{"rendered":"<p><strong data-start=\"276\" data-end=\"316\">Ramette Omnia 80 g A4 \u2013 500 feuilles<\/strong><br data-start=\"316\" data-end=\"319\" \/>Papier premium blanc extra\u2010lisse 80 g\/m\u00b2, A4. Haute opacit\u00e9, rendu des couleurs \u00e9quilibr\u00e9, adapt\u00e9 jet d\u2019encre et laser. <strong data-start=\"439\" data-end=\"484\">Remise appliqu\u00e9e \u00e0 partir de 5 ramettes !<\/strong><\/p>\n","protected":false},"featured_media":28457,"comment_status":"open","ping_status":"closed","template":"","meta":[],"product_brand":[],"product_cat":[30],"product_tag":[154],"class_list":{"0":"post-28455","1":"product","2":"type-product","3":"status-publish","4":"has-post-thumbnail","6":"product_cat-fournitures-scolaire","7":"product_tag-omna4","9":"first","10":"instock","11":"shipping-taxable","12":"purchasable","13":"product-type-simple"},"_links":{"self":[{"href":"https:\/\/www.dreamtechnologie.com\/index.php?rest_route=\/wp\/v2\/product\/28455","targetHints":{"allow":["GET"]}}],"collection":[{"href":"https:\/\/www.dreamtechnologie.com\/index.php?rest_route=\/wp\/v2\/product"}],"about":[{"href":"https:\/\/www.dreamtechnologie.com\/index.php?rest_route=\/wp\/v2\/types\/product"}],"replies":[{"embeddable":true,"href":"https:\/\/www.dreamtechnologie.com\/index.php?rest_route=%2Fwp%2Fv2%2Fcomments&post=28455"}],"version-history":[{"count":2,"href":"https:\/\/www.dreamtechnologie.com\/index.php?rest_route=\/wp\/v2\/product\/28455\/revisions"}],"predecessor-version":[{"id":28461,"href":"https:\/\/www.dreamtechnologie.com\/index.php?rest_route=\/wp\/v2\/product\/28455\/revisions\/28461"}],"wp:featuredmedia":[{"embeddable":true,"href":"https:\/\/www.dreamtechnologie.com\/index.php?rest_route=\/wp\/v2\/media\/28457"}],"wp:attachment":[{"href":"https:\/\/www.dreamtechnologie.com\/index.php?rest_route=%2Fwp%2Fv2%2Fmedia&parent=28455"}],"wp:term":[{"taxonomy":"product_brand","embeddable":true,"href":"https:\/\/www.dreamtechnologie.com\/index.php?rest_route=%2Fwp%2Fv2%2Fproduct_brand&post=28455"},{"taxonomy":"product_cat","embeddable":true,"href":"https:\/\/www.dreamtechnologie.com\/index.php?rest_route=%2Fwp%2Fv2%2Fproduct_cat&post=28455"},{"taxonomy":"product_tag","embeddable":true,"href":"https:\/\/www.dreamtechnologie.com\/index.php?rest_route=%2Fwp%2Fv2%2Fproduct_tag&post=28455"}],"curies":[{"name":"wp","href":"https:\/\/api.w.org\/{rel}","templated":true}]}}