{"id":28450,"date":"2025-05-15T19:57:08","date_gmt":"2025-05-15T19:57:08","guid":{"rendered":"https:\/\/www.dreamtechnologie.com\/?post_type=product&#038;p=28450"},"modified":"2025-05-15T19:57:08","modified_gmt":"2025-05-15T19:57:08","slug":"ramette-navigateur-80-g-a4","status":"publish","type":"product","link":"https:\/\/www.dreamtechnologie.com\/?product=ramette-navigateur-80-g-a4","title":{"rendered":"Ramette Navigateur 80 g A4"},"content":{"rendered":"<h4 class=\"\" data-start=\"552\" data-end=\"611\"><strong data-start=\"557\" data-end=\"609\">Navigateur 80 g A4 \u2013 Papier Multifonction Fiable<\/strong><\/h4>\n<p class=\"\" data-start=\"612\" data-end=\"734\">La ramette <strong data-start=\"623\" data-end=\"637\">Navigateur<\/strong> 80 g\/m\u00b2 en format A4 (500 feuilles) offre une qualit\u00e9 constante pour tous vos besoins bureau :<\/p>\n<ul data-start=\"736\" data-end=\"1207\">\n<li class=\"\" data-start=\"736\" data-end=\"813\">\n<p class=\"\" data-start=\"738\" data-end=\"813\"> <strong data-start=\"741\" data-end=\"761\">Grammage 80 g\/m\u00b2<\/strong> : \u00e9quilibre parfait entre opacit\u00e9 et maniabilit\u00e9.<\/p>\n<\/li>\n<li class=\"\" data-start=\"814\" data-end=\"881\">\n<p class=\"\" data-start=\"816\" data-end=\"881\">\ufe0f <strong data-start=\"820\" data-end=\"837\">Compatibilit\u00e9<\/strong> : jet d\u2019encre, laser, photocopies et fax.<\/p>\n<\/li>\n<li class=\"\" data-start=\"882\" data-end=\"981\">\n<p class=\"\" data-start=\"884\" data-end=\"981\">\u2728 <strong data-start=\"886\" data-end=\"903\">Surface lisse<\/strong> : encre et toner adh\u00e8rent de fa\u00e7on homog\u00e8ne, textes nets et couleurs vives.<\/p>\n<\/li>\n<li class=\"\" data-start=\"982\" data-end=\"1058\">\n<p class=\"\" data-start=\"984\" data-end=\"1058\"> <strong data-start=\"987\" data-end=\"1004\">Anti\u2010bourrage<\/strong> : formulation calibr\u00e9e pour un passage sans accroc.<\/p>\n<\/li>\n<li class=\"\" data-start=\"1059\" data-end=\"1124\">\n<p class=\"\" data-start=\"1061\" data-end=\"1124\">\u267b\ufe0f <strong data-start=\"1064\" data-end=\"1078\">Label FSC\u00ae<\/strong> : papier issu de for\u00eats g\u00e9r\u00e9es durablement.<\/p>\n<\/li>\n<li class=\"\" data-start=\"1125\" data-end=\"1207\">\n<p class=\"\" data-start=\"1127\" data-end=\"1207\"> <strong data-start=\"1130\" data-end=\"1149\">Tarif d\u00e9gressif<\/strong> : \u00e0 partir de 5 ramettes, profitez d\u2019un <strong data-start=\"1190\" data-end=\"1206\">prix sp\u00e9cial<\/strong>.<\/p>\n<\/li>\n<\/ul>\n","protected":false},"excerpt":{"rendered":"<p><strong data-start=\"58\" data-end=\"103\">Ramette Navigateur 80 g A4 \u2013 500 feuilles<\/strong><br data-start=\"103\" data-end=\"106\" \/>Papier multifonction blanc 80 g\/m\u00b2, format A4. Id\u00e9al impressions, photocopies et fax : surface lisse, encreant bien, sans bourrage. <strong data-start=\"238\" data-end=\"274\">Prix avantageux d\u00e8s 5 ramettes !<\/strong><\/p>\n","protected":false},"featured_media":28451,"comment_status":"open","ping_status":"closed","template":"","meta":[],"product_brand":[],"product_cat":[30],"product_tag":[],"class_list":{"0":"post-28450","1":"product","2":"type-product","3":"status-publish","4":"has-post-thumbnail","6":"product_cat-fournitures-scolaire","8":"first","9":"instock","10":"sale","11":"shipping-taxable","12":"purchasable","13":"product-type-simple"},"_links":{"self":[{"href":"https:\/\/www.dreamtechnologie.com\/index.php?rest_route=\/wp\/v2\/product\/28450","targetHints":{"allow":["GET"]}}],"collection":[{"href":"https:\/\/www.dreamtechnologie.com\/index.php?rest_route=\/wp\/v2\/product"}],"about":[{"href":"https:\/\/www.dreamtechnologie.com\/index.php?rest_route=\/wp\/v2\/types\/product"}],"replies":[{"embeddable":true,"href":"https:\/\/www.dreamtechnologie.com\/index.php?rest_route=%2Fwp%2Fv2%2Fcomments&post=28450"}],"version-history":[{"count":1,"href":"https:\/\/www.dreamtechnologie.com\/index.php?rest_route=\/wp\/v2\/product\/28450\/revisions"}],"predecessor-version":[{"id":28454,"href":"https:\/\/www.dreamtechnologie.com\/index.php?rest_route=\/wp\/v2\/product\/28450\/revisions\/28454"}],"wp:featuredmedia":[{"embeddable":true,"href":"https:\/\/www.dreamtechnologie.com\/index.php?rest_route=\/wp\/v2\/media\/28451"}],"wp:attachment":[{"href":"https:\/\/www.dreamtechnologie.com\/index.php?rest_route=%2Fwp%2Fv2%2Fmedia&parent=28450"}],"wp:term":[{"taxonomy":"product_brand","embeddable":true,"href":"https:\/\/www.dreamtechnologie.com\/index.php?rest_route=%2Fwp%2Fv2%2Fproduct_brand&post=28450"},{"taxonomy":"product_cat","embeddable":true,"href":"https:\/\/www.dreamtechnologie.com\/index.php?rest_route=%2Fwp%2Fv2%2Fproduct_cat&post=28450"},{"taxonomy":"product_tag","embeddable":true,"href":"https:\/\/www.dreamtechnologie.com\/index.php?rest_route=%2Fwp%2Fv2%2Fproduct_tag&post=28450"}],"curies":[{"name":"wp","href":"https:\/\/api.w.org\/{rel}","templated":true}]}}