{"id":28257,"date":"2025-05-03T22:41:04","date_gmt":"2025-05-03T22:41:04","guid":{"rendered":"https:\/\/www.dreamtechnologie.com\/?post_type=product&#038;p=28257"},"modified":"2025-05-03T22:43:03","modified_gmt":"2025-05-03T22:43:03","slug":"stylet-crayon-graphite-metmaxx","status":"publish","type":"product","link":"https:\/\/www.dreamtechnologie.com\/?product=stylet-crayon-graphite-metmaxx","title":{"rendered":"Stylet et crayon \u00e0 graphite Metmaxx\u00ae 2 en 1"},"content":{"rendered":"<p class=\"\" data-start=\"335\" data-end=\"457\">D\u00e9couvrez le <strong data-start=\"348\" data-end=\"395\">Stylet et crayon \u00e0 graphite Metmaxx\u00ae 2 en 1<\/strong>, l\u2019accessoire parfait pour allier technologie et tradition.<\/p>\n<p class=\"\" data-start=\"459\" data-end=\"677\">Utilisez-le comme <strong data-start=\"477\" data-end=\"497\">stylet capacitif<\/strong> pour tous vos \u00e9crans tactiles : smartphone, tablette, \u00e9cran interactif\u2026 ou retournez-le pour l\u2019utiliser comme <strong data-start=\"608\" data-end=\"637\">crayon graphite classique<\/strong> pour vos notes, esquisses et dessins.<\/p>\n<p class=\"\" data-start=\"679\" data-end=\"855\">\u2714\ufe0f Design \u00e9l\u00e9gant et ergonomique<br data-start=\"711\" data-end=\"714\" \/>\u2714\ufe0f Compatible avec tous les \u00e9crans tactiles<br data-start=\"757\" data-end=\"760\" \/>\u2714\ufe0f Pointe graphite douce pour une \u00e9criture fluid<\/p>\n<div id=\"attachment_28258\" style=\"width: 310px\" class=\"wp-caption alignright\"><img fetchpriority=\"high\" decoding=\"async\" aria-describedby=\"caption-attachment-28258\" class=\"size-medium wp-image-28258\" src=\"https:\/\/www.dreamtechnologie.com\/wp-content\/uploads\/2025\/05\/Crayon-a-graphite-Metmaxx\u00ae-300x300.webp\" alt=\"Stylet et crayon \u00e0 graphite Metmaxx\" width=\"300\" height=\"300\" srcset=\"https:\/\/www.dreamtechnologie.com\/wp-content\/uploads\/2025\/05\/Crayon-a-graphite-Metmaxx\u00ae-300x300.webp 300w, https:\/\/www.dreamtechnologie.com\/wp-content\/uploads\/2025\/05\/Crayon-a-graphite-Metmaxx\u00ae-800x800.webp 800w, https:\/\/www.dreamtechnologie.com\/wp-content\/uploads\/2025\/05\/Crayon-a-graphite-Metmaxx\u00ae-150x150.webp 150w, https:\/\/www.dreamtechnologie.com\/wp-content\/uploads\/2025\/05\/Crayon-a-graphite-Metmaxx\u00ae-768x768.webp 768w, https:\/\/www.dreamtechnologie.com\/wp-content\/uploads\/2025\/05\/Crayon-a-graphite-Metmaxx\u00ae-430x430.webp 430w, https:\/\/www.dreamtechnologie.com\/wp-content\/uploads\/2025\/05\/Crayon-a-graphite-Metmaxx\u00ae-700x700.webp 700w, https:\/\/www.dreamtechnologie.com\/wp-content\/uploads\/2025\/05\/Crayon-a-graphite-Metmaxx\u00ae.webp 1200w\" sizes=\"(max-width: 300px) 100vw, 300px\" \/><p id=\"caption-attachment-28258\" class=\"wp-caption-text\">Stylet et crayon \u00e0 graphite Metmaxx<\/p><\/div>\n<p class=\"\" data-start=\"679\" data-end=\"855\">e<br data-start=\"809\" data-end=\"812\" \/>\u2714\ufe0f L\u00e9ger, durable et facile \u00e0 transporter<\/p>\n<p class=\"\" data-start=\"857\" data-end=\"1004\">Id\u00e9al pour les \u00e9tudiants, professionnels, artistes ou simples utilisateurs mobiles \u2014 le choix intelligent pour une <strong data-start=\"972\" data-end=\"1003\">productivit\u00e9 sans compromis<\/strong>.<\/p>\n","protected":false},"excerpt":{"rendered":"<p>Stylet tactile + crayon graphite 2 en 1 \u2014 id\u00e9al pour vos \u00e9crans et vos croquis. \u00c9l\u00e9gant, l\u00e9ger et pratique<\/p>\n<p>Stylet et crayon \u00e0 graphite Metmaxx<\/p>\n","protected":false},"featured_media":28259,"comment_status":"open","ping_status":"closed","template":"","meta":[],"product_brand":[56],"product_cat":[139],"product_tag":[],"class_list":{"0":"post-28257","1":"product","2":"type-product","3":"status-publish","4":"has-post-thumbnail","6":"product_brand-metmaxx","7":"product_cat-autres","9":"first","10":"instock","11":"sale","12":"shipping-taxable","13":"purchasable","14":"product-type-simple"},"_links":{"self":[{"href":"https:\/\/www.dreamtechnologie.com\/index.php?rest_route=\/wp\/v2\/product\/28257","targetHints":{"allow":["GET"]}}],"collection":[{"href":"https:\/\/www.dreamtechnologie.com\/index.php?rest_route=\/wp\/v2\/product"}],"about":[{"href":"https:\/\/www.dreamtechnologie.com\/index.php?rest_route=\/wp\/v2\/types\/product"}],"replies":[{"embeddable":true,"href":"https:\/\/www.dreamtechnologie.com\/index.php?rest_route=%2Fwp%2Fv2%2Fcomments&post=28257"}],"version-history":[{"count":1,"href":"https:\/\/www.dreamtechnologie.com\/index.php?rest_route=\/wp\/v2\/product\/28257\/revisions"}],"predecessor-version":[{"id":28262,"href":"https:\/\/www.dreamtechnologie.com\/index.php?rest_route=\/wp\/v2\/product\/28257\/revisions\/28262"}],"wp:featuredmedia":[{"embeddable":true,"href":"https:\/\/www.dreamtechnologie.com\/index.php?rest_route=\/wp\/v2\/media\/28259"}],"wp:attachment":[{"href":"https:\/\/www.dreamtechnologie.com\/index.php?rest_route=%2Fwp%2Fv2%2Fmedia&parent=28257"}],"wp:term":[{"taxonomy":"product_brand","embeddable":true,"href":"https:\/\/www.dreamtechnologie.com\/index.php?rest_route=%2Fwp%2Fv2%2Fproduct_brand&post=28257"},{"taxonomy":"product_cat","embeddable":true,"href":"https:\/\/www.dreamtechnologie.com\/index.php?rest_route=%2Fwp%2Fv2%2Fproduct_cat&post=28257"},{"taxonomy":"product_tag","embeddable":true,"href":"https:\/\/www.dreamtechnologie.com\/index.php?rest_route=%2Fwp%2Fv2%2Fproduct_tag&post=28257"}],"curies":[{"name":"wp","href":"https:\/\/api.w.org\/{rel}","templated":true}]}}