{"id":28204,"date":"2025-05-01T10:29:39","date_gmt":"2025-05-01T10:29:39","guid":{"rendered":"https:\/\/www.dreamtechnologie.com\/?post_type=product&#038;p=28204"},"modified":"2025-05-01T22:43:28","modified_gmt":"2025-05-01T22:43:28","slug":"ssd-128go-2-5-go","status":"publish","type":"product","link":"https:\/\/www.dreamtechnologie.com\/?product=ssd-128go-2-5-go","title":{"rendered":"Disque dur SSD 128 Go 2.5"},"content":{"rendered":"<p class=\"\" data-start=\"101\" data-end=\"461\"><strong data-start=\"101\" data-end=\"166\">Disque Dur SSD 128Go 2.5&Prime; \u2013 Vitesse et Fiabilit\u00e9 \u00e0 Petit Prix<\/strong><br data-start=\"166\" data-end=\"169\" \/>Optez pour un stockage rapide et performant avec notre s\u00e9lection de <strong data-start=\"237\" data-end=\"265\">SSD 128Go au format 2.5&Prime;<\/strong>, id\u00e9al pour booster la vitesse de votre ordinateur portable ou de bureau.<br data-start=\"339\" data-end=\"342\" \/>Profitez d\u2019un <strong data-start=\"356\" data-end=\"382\">d\u00e9marrage ultra-rapide<\/strong>, de <strong data-start=\"387\" data-end=\"418\">temps de chargement r\u00e9duits<\/strong> et d\u2019une <strong data-start=\"428\" data-end=\"460\">meilleure r\u00e9activit\u00e9 syst\u00e8me<\/strong>.<\/p>\n<p class=\"\" data-start=\"463\" data-end=\"615\"><strong data-start=\"466\" data-end=\"478\">Capacit\u00e9<\/strong> : 128 Go<br data-start=\"487\" data-end=\"490\" \/>\u26a1 <strong data-start=\"492\" data-end=\"502\">Format<\/strong> : 2.5&Prime; SATA<br data-start=\"514\" data-end=\"517\" \/>\ufe0f <strong data-start=\"521\" data-end=\"544\">Marques disponibles<\/strong> :<br data-start=\"546\" data-end=\"549\" \/>\u2714\ufe0f Samsung<br data-start=\"559\" data-end=\"562\" \/>\u2714\ufe0f SanDisk<br data-start=\"572\" data-end=\"575\" \/>\u2714\ufe0f Integral<br data-start=\"586\" data-end=\"589\" \/>\u2714\ufe0f Toshiba<br data-start=\"599\" data-end=\"602\" \/>\u2714\ufe0f SK hynix<\/p>\n<p class=\"\" data-start=\"617\" data-end=\"715\">Parfait pour remplacer un disque dur classique, ou offrir une seconde jeunesse \u00e0 un ancien PC !<\/p>\n","protected":false},"excerpt":{"rendered":"<p class=\"\" data-start=\"97\" data-end=\"357\"><strong data-start=\"97\" data-end=\"141\">SSD 128Go 2.5 Go\u00a0\u00bb \u2013 Rapide, l\u00e9ger et fiable<\/strong><br data-start=\"141\" data-end=\"144\" \/>Acc\u00e9l\u00e9rez votre PC avec un disque SSD performant ! Id\u00e9al pour d\u00e9marrer plus vite, charger vos applications en quelques secondes et gagner en fluidit\u00e9.<br data-start=\"294\" data-end=\"297\" \/><strong data-start=\"297\" data-end=\"310\">Marques :<\/strong> Samsung, SanDisk, Integral, Toshiba, SK hynix.<\/p>\n","protected":false},"featured_media":28206,"comment_status":"open","ping_status":"closed","template":"","meta":[],"product_brand":[],"product_cat":[137],"product_tag":[],"class_list":{"0":"post-28204","1":"product","2":"type-product","3":"status-publish","4":"has-post-thumbnail","6":"product_cat-disque-dur","8":"first","9":"instock","10":"sale","11":"shipping-taxable","12":"purchasable","13":"product-type-simple"},"_links":{"self":[{"href":"https:\/\/www.dreamtechnologie.com\/index.php?rest_route=\/wp\/v2\/product\/28204","targetHints":{"allow":["GET"]}}],"collection":[{"href":"https:\/\/www.dreamtechnologie.com\/index.php?rest_route=\/wp\/v2\/product"}],"about":[{"href":"https:\/\/www.dreamtechnologie.com\/index.php?rest_route=\/wp\/v2\/types\/product"}],"replies":[{"embeddable":true,"href":"https:\/\/www.dreamtechnologie.com\/index.php?rest_route=%2Fwp%2Fv2%2Fcomments&post=28204"}],"version-history":[{"count":2,"href":"https:\/\/www.dreamtechnologie.com\/index.php?rest_route=\/wp\/v2\/product\/28204\/revisions"}],"predecessor-version":[{"id":28213,"href":"https:\/\/www.dreamtechnologie.com\/index.php?rest_route=\/wp\/v2\/product\/28204\/revisions\/28213"}],"wp:featuredmedia":[{"embeddable":true,"href":"https:\/\/www.dreamtechnologie.com\/index.php?rest_route=\/wp\/v2\/media\/28206"}],"wp:attachment":[{"href":"https:\/\/www.dreamtechnologie.com\/index.php?rest_route=%2Fwp%2Fv2%2Fmedia&parent=28204"}],"wp:term":[{"taxonomy":"product_brand","embeddable":true,"href":"https:\/\/www.dreamtechnologie.com\/index.php?rest_route=%2Fwp%2Fv2%2Fproduct_brand&post=28204"},{"taxonomy":"product_cat","embeddable":true,"href":"https:\/\/www.dreamtechnologie.com\/index.php?rest_route=%2Fwp%2Fv2%2Fproduct_cat&post=28204"},{"taxonomy":"product_tag","embeddable":true,"href":"https:\/\/www.dreamtechnologie.com\/index.php?rest_route=%2Fwp%2Fv2%2Fproduct_tag&post=28204"}],"curies":[{"name":"wp","href":"https:\/\/api.w.org\/{rel}","templated":true}]}}