{"id":28127,"date":"2025-04-20T22:09:14","date_gmt":"2025-04-20T22:09:14","guid":{"rendered":"https:\/\/www.dreamtechnologie.com\/?post_type=product&#038;p=28127"},"modified":"2025-04-20T22:11:09","modified_gmt":"2025-04-20T22:11:09","slug":"chargeur-hp-19-5v-11-8a","status":"publish","type":"product","link":"https:\/\/www.dreamtechnologie.com\/?product=chargeur-hp-19-5v-11-8a","title":{"rendered":"Chargeur Original HP 19.5V 11.8A"},"content":{"rendered":"<h3 class=\"\" data-start=\"104\" data-end=\"158\">Chargeur Original HP 19.5V 11.8A Embout 5.0mm<\/h3>\n<p class=\"\" data-start=\"160\" data-end=\"255\"><strong data-start=\"163\" data-end=\"255\">Compatible avec les stations de travail HP ZBook, EliteBook et autres mod\u00e8les puissants.<\/strong><\/p>\n<p class=\"\" data-start=\"257\" data-end=\"290\"><strong data-start=\"257\" data-end=\"290\">Caract\u00e9ristiques techniques :<\/strong><\/p>\n<ul data-start=\"291\" data-end=\"477\">\n<li class=\"\" data-start=\"291\" data-end=\"318\">\n<p class=\"\" data-start=\"293\" data-end=\"318\"><strong data-start=\"296\" data-end=\"309\">Puissance<\/strong> : 230W<\/p>\n<p><div id=\"attachment_28128\" style=\"width: 385px\" class=\"wp-caption alignright\"><img fetchpriority=\"high\" decoding=\"async\" aria-describedby=\"caption-attachment-28128\" class=\" wp-image-28128\" src=\"https:\/\/www.dreamtechnologie.com\/wp-content\/uploads\/2025\/04\/HP-19.5V-11.8A-5.0mm-306x300.jpg\" alt=\"Chargeur Original HP 19.5V 11.8A\" width=\"375\" height=\"367\" srcset=\"https:\/\/www.dreamtechnologie.com\/wp-content\/uploads\/2025\/04\/HP-19.5V-11.8A-5.0mm-306x300.jpg 306w, https:\/\/www.dreamtechnologie.com\/wp-content\/uploads\/2025\/04\/HP-19.5V-11.8A-5.0mm-430x421.jpg 430w, https:\/\/www.dreamtechnologie.com\/wp-content\/uploads\/2025\/04\/HP-19.5V-11.8A-5.0mm-150x147.jpg 150w, https:\/\/www.dreamtechnologie.com\/wp-content\/uploads\/2025\/04\/HP-19.5V-11.8A-5.0mm.jpg 686w\" sizes=\"(max-width: 375px) 100vw, 375px\" \/><p id=\"caption-attachment-28128\" class=\"wp-caption-text\">Chargeur Original HP 19.5V 11.8A<\/p><\/div><\/li>\n<li class=\"\" data-start=\"319\" data-end=\"354\">\n<p class=\"\" data-start=\"321\" data-end=\"354\">\u26a1 <strong data-start=\"323\" data-end=\"344\">Tension de sortie<\/strong> : 19.5V<\/p>\n<\/li>\n<li class=\"\" data-start=\"355\" data-end=\"381\">\n<p class=\"\" data-start=\"357\" data-end=\"381\"><strong data-start=\"360\" data-end=\"371\">Courant<\/strong> : 11.8A<\/p>\n<\/li>\n<li class=\"\" data-start=\"382\" data-end=\"427\">\n<p class=\"\" data-start=\"384\" data-end=\"427\"><strong data-start=\"387\" data-end=\"409\">Taille de l\u2019embout<\/strong> : 5.0mm x 7.4mm<\/p>\n<\/li>\n<li class=\"\" data-start=\"428\" data-end=\"477\">\n<p class=\"\" data-start=\"430\" data-end=\"477\"><strong data-start=\"433\" data-end=\"477\">Connecteur standard HP \u2013 haute stabilit\u00e9<\/strong><\/p>\n<\/li>\n<\/ul>\n<p class=\"\" data-start=\"479\" data-end=\"494\"><strong data-start=\"479\" data-end=\"494\">Avantages :<\/strong><\/p>\n<ul data-start=\"495\" data-end=\"669\">\n<li class=\"\" data-start=\"495\" data-end=\"559\">\n<p class=\"\" data-start=\"497\" data-end=\"559\">\u2705 Adaptateur original et certifi\u00e9 pour une s\u00e9curit\u00e9 maximale<\/p>\n<\/li>\n<li class=\"\" data-start=\"560\" data-end=\"637\">\n<p class=\"\" data-start=\"562\" data-end=\"637\">\u2705 Performance constante pour les t\u00e2ches intensives (graphisme, CAO, etc.)<\/p>\n<\/li>\n<li class=\"\" data-start=\"638\" data-end=\"669\">\n<p class=\"\" data-start=\"640\" data-end=\"669\">\u2705 C\u00e2ble d&rsquo;alimentation inclus<\/p>\n<\/li>\n<\/ul>\n<p class=\"\" data-start=\"671\" data-end=\"771\"><strong data-start=\"671\" data-end=\"692\"> Parfait pour :<\/strong> HP ZBook, HP EliteBook, HP Omen Pro, et autres stations de travail exigeantes.<\/p>\n","protected":false},"excerpt":{"rendered":"<h3 class=\"\" data-start=\"72\" data-end=\"108\">Chargeur HP 19.5V 11.8A \u2013 230W<\/h3>\n<ul>\n<li data-start=\"109\" data-end=\"296\"><strong>Adaptateur original haute performance, <\/strong><\/li>\n<li data-start=\"109\" data-end=\"296\"><strong>id\u00e9al pour stations de travail HP ZBook, EliteBook\u2026<\/strong><\/li>\n<li data-start=\"109\" data-end=\"296\"><strong>\u00a0Fiable, puissant et s\u00e9curis\u00e9 <\/strong><\/li>\n<li data-start=\"109\" data-end=\"296\"><strong>embout 5.0mm. Parfait pour un usage professionnel intensif.<\/strong><\/li>\n<\/ul>\n","protected":false},"featured_media":28128,"comment_status":"open","ping_status":"closed","template":"","meta":[],"product_brand":[53],"product_cat":[131],"product_tag":[134],"class_list":{"0":"post-28127","1":"product","2":"type-product","3":"status-publish","4":"has-post-thumbnail","6":"product_brand-hp","7":"product_cat-chargeurs","8":"product_tag-char11-8a","10":"first","11":"instock","12":"sale","13":"shipping-taxable","14":"purchasable","15":"product-type-simple"},"_links":{"self":[{"href":"https:\/\/www.dreamtechnologie.com\/index.php?rest_route=\/wp\/v2\/product\/28127","targetHints":{"allow":["GET"]}}],"collection":[{"href":"https:\/\/www.dreamtechnologie.com\/index.php?rest_route=\/wp\/v2\/product"}],"about":[{"href":"https:\/\/www.dreamtechnologie.com\/index.php?rest_route=\/wp\/v2\/types\/product"}],"replies":[{"embeddable":true,"href":"https:\/\/www.dreamtechnologie.com\/index.php?rest_route=%2Fwp%2Fv2%2Fcomments&post=28127"}],"version-history":[{"count":4,"href":"https:\/\/www.dreamtechnologie.com\/index.php?rest_route=\/wp\/v2\/product\/28127\/revisions"}],"predecessor-version":[{"id":28136,"href":"https:\/\/www.dreamtechnologie.com\/index.php?rest_route=\/wp\/v2\/product\/28127\/revisions\/28136"}],"wp:featuredmedia":[{"embeddable":true,"href":"https:\/\/www.dreamtechnologie.com\/index.php?rest_route=\/wp\/v2\/media\/28128"}],"wp:attachment":[{"href":"https:\/\/www.dreamtechnologie.com\/index.php?rest_route=%2Fwp%2Fv2%2Fmedia&parent=28127"}],"wp:term":[{"taxonomy":"product_brand","embeddable":true,"href":"https:\/\/www.dreamtechnologie.com\/index.php?rest_route=%2Fwp%2Fv2%2Fproduct_brand&post=28127"},{"taxonomy":"product_cat","embeddable":true,"href":"https:\/\/www.dreamtechnologie.com\/index.php?rest_route=%2Fwp%2Fv2%2Fproduct_cat&post=28127"},{"taxonomy":"product_tag","embeddable":true,"href":"https:\/\/www.dreamtechnologie.com\/index.php?rest_route=%2Fwp%2Fv2%2Fproduct_tag&post=28127"}],"curies":[{"name":"wp","href":"https:\/\/api.w.org\/{rel}","templated":true}]}}