{"id":28110,"date":"2025-04-19T22:17:05","date_gmt":"2025-04-19T22:17:05","guid":{"rendered":"https:\/\/www.dreamtechnologie.com\/?post_type=product&#038;p=28110"},"modified":"2025-04-19T22:17:05","modified_gmt":"2025-04-19T22:17:05","slug":"asus-expertbook","status":"publish","type":"product","link":"https:\/\/www.dreamtechnologie.com\/?product=asus-expertbook","title":{"rendered":"ASUS ExpertBook"},"content":{"rendered":"<p class=\"\" data-start=\"827\" data-end=\"903\"><strong data-start=\"827\" data-end=\"903\">ASUS ExpertBook \u2013 L\u2019alli\u00e9 id\u00e9al pour les professionnels et les \u00e9tudiants<\/strong><\/p>\n<p class=\"\" data-start=\"905\" data-end=\"1026\"><span class=\"relative -mx-px my-[-0.2rem] rounded px-px py-[0.2rem] transition-colors duration-100 ease-in-out\">L\u2019<strong data-start=\"2\" data-end=\"21\">ASUS ExpertBook<\/strong> est con\u00e7u pour offrir une performance fiable et une portabilit\u00e9 optimale.<\/span> <span class=\"relative -mx-px my-[-0.2rem] rounded px-px py-[0.2rem] transition-colors duration-100 ease-in-out\">\u00c9quip\u00e9 d\u2019un <strong data-start=\"12\" data-end=\"49\">processeur Intel\u00ae Core\u2122 i3-10110U<\/strong> de 10\u1d49 g\u00e9n\u00e9ration, de <strong data-start=\"72\" data-end=\"92\">8\u202fGo de RAM DDR4<\/strong> et d\u2019un <strong data-start=\"101\" data-end=\"123\">SSD NVMe de 512\u202fGo<\/strong>, il assure une r\u00e9activit\u00e9 fluide pour toutes vos t\u00e2ches quotidiennes.<\/span>\u200b<\/p>\n<p class=\"\" data-start=\"1028\" data-end=\"1113\"><span class=\"relative -mx-px my-[-0.2rem] rounded px-px py-[0.2rem] transition-colors duration-100 ease-in-out\">Son <strong data-start=\"4\" data-end=\"34\">\u00e9cran de 14 pouces Full HD<\/strong> anti-reflets offre un confort visuel exceptionnel, tandis que la <strong data-start=\"100\" data-end=\"139\">carte graphique Intel\u00ae UHD Graphics<\/strong> garantit une qualit\u00e9 d&rsquo;affichage nette et pr\u00e9cise.<\/span>\u200b<\/p>\n<p class=\"\" data-start=\"1115\" data-end=\"1240\"><span class=\"relative -mx-px my-[-0.2rem] rounded px-px py-[0.2rem] transition-colors duration-100 ease-in-out\">Avec <strong data-start=\"5\" data-end=\"23\">Windows 10 Pro<\/strong>, b\u00e9n\u00e9ficiez d\u2019un environnement s\u00e9curis\u00e9 et professionnel.<\/span> <span class=\"relative -mx-px my-[-0.2rem] rounded px-px py-[0.2rem] transition-colors duration-100 ease-in-out\">Son design \u00e9l\u00e9gant et son poids l\u00e9ger d\u2019environ 1,5\u202fkg en font un compagnon de choix pour les professionnels mobiles et les \u00e9tudiants.<\/span><\/p>\n","protected":false},"excerpt":{"rendered":"<p class=\"\" data-start=\"263\" data-end=\"324\"><strong data-start=\"263\" data-end=\"324\">\u2714\ufe0f ASUS ExpertBook \u2013 \u00c9l\u00e9gance et performance au quotidien<\/strong><\/p>\n<ul data-start=\"326\" data-end=\"771\">\n<li class=\"\" data-start=\"326\" data-end=\"385\">\n<p class=\"\" data-start=\"328\" data-end=\"385\"> <strong data-start=\"331\" data-end=\"347\">Processeur :<\/strong> <span class=\"relative -mx-px my-[-0.2rem] rounded px-px py-[0.2rem] transition-colors duration-100 ease-in-out\">Intel\u00ae Core\u2122 i3-10110U (10\u1d49 g\u00e9n\u00e9ration)<\/span><\/p>\n<\/li>\n<li class=\"\" data-start=\"386\" data-end=\"442\">\n<p class=\"\" data-start=\"388\" data-end=\"442\"> <strong data-start=\"391\" data-end=\"404\">M\u00e9moire :<\/strong> <span class=\"relative -mx-px my-[-0.2rem] rounded px-px py-[0.2rem] transition-colors duration-100 ease-in-out\">8\u202fGo DDR4<\/span><\/p>\n<\/li>\n<li class=\"\" data-start=\"443\" data-end=\"500\">\n<p class=\"\" data-start=\"445\" data-end=\"500\"> <strong data-start=\"448\" data-end=\"462\">Stockage :<\/strong> <span class=\"relative -mx-px my-[-0.2rem] rounded px-px py-[0.2rem] transition-colors duration-100 ease-in-out\">SSD NVMe de 512\u202fGo<\/span><\/p>\n<\/li>\n<li class=\"\" data-start=\"501\" data-end=\"555\">\n<p class=\"\" data-start=\"503\" data-end=\"555\"> <strong data-start=\"506\" data-end=\"517\">\u00c9cran :<\/strong> <span class=\"relative -mx-px my-[-0.2rem] rounded px-px py-[0.2rem] transition-colors duration-100 ease-in-out\">14&Prime; Full HD (1920 x 1080) anti-reflets<\/span><\/p>\n<\/li>\n<li class=\"\" data-start=\"556\" data-end=\"615\">\n<p class=\"\" data-start=\"558\" data-end=\"615\"> <strong data-start=\"561\" data-end=\"577\">Graphiques :<\/strong> <span class=\"relative -mx-px my-[-0.2rem] rounded px-px py-[0.2rem] transition-colors duration-100 ease-in-out\">Intel\u00ae UHD Graphics<\/span><\/p>\n<\/li>\n<li class=\"\" data-start=\"616\" data-end=\"672\">\n<p class=\"\" data-start=\"618\" data-end=\"672\"> <strong data-start=\"621\" data-end=\"634\">Syst\u00e8me :<\/strong> <span class=\"relative -mx-px my-[-0.2rem] rounded px-px py-[0.2rem] transition-colors duration-100 ease-in-out\">Windows 10 Pro<\/span><\/p>\n<\/li>\n<li class=\"\" data-start=\"673\" data-end=\"771\">\n<p class=\"\" data-start=\"675\" data-end=\"771\"> <strong data-start=\"678\" data-end=\"689\">Poids :<\/strong> <span class=\"relative -mx-px my-[-0.2rem] rounded px-px py-[0.2rem] transition-colors duration-100 ease-in-out\">Environ 1,5\u202fk<\/span><\/p>\n<\/li>\n<\/ul>\n","protected":false},"featured_media":28111,"comment_status":"open","ping_status":"closed","template":"","meta":[],"product_brand":[51],"product_cat":[115],"product_tag":[130],"class_list":{"0":"post-28110","1":"product","2":"type-product","3":"status-publish","4":"has-post-thumbnail","6":"product_brand-asus","7":"product_cat-asus","8":"product_tag-assext","10":"first","11":"instock","12":"sale","13":"shipping-taxable","14":"purchasable","15":"product-type-simple"},"_links":{"self":[{"href":"https:\/\/www.dreamtechnologie.com\/index.php?rest_route=\/wp\/v2\/product\/28110","targetHints":{"allow":["GET"]}}],"collection":[{"href":"https:\/\/www.dreamtechnologie.com\/index.php?rest_route=\/wp\/v2\/product"}],"about":[{"href":"https:\/\/www.dreamtechnologie.com\/index.php?rest_route=\/wp\/v2\/types\/product"}],"replies":[{"embeddable":true,"href":"https:\/\/www.dreamtechnologie.com\/index.php?rest_route=%2Fwp%2Fv2%2Fcomments&post=28110"}],"version-history":[{"count":1,"href":"https:\/\/www.dreamtechnologie.com\/index.php?rest_route=\/wp\/v2\/product\/28110\/revisions"}],"predecessor-version":[{"id":28115,"href":"https:\/\/www.dreamtechnologie.com\/index.php?rest_route=\/wp\/v2\/product\/28110\/revisions\/28115"}],"wp:featuredmedia":[{"embeddable":true,"href":"https:\/\/www.dreamtechnologie.com\/index.php?rest_route=\/wp\/v2\/media\/28111"}],"wp:attachment":[{"href":"https:\/\/www.dreamtechnologie.com\/index.php?rest_route=%2Fwp%2Fv2%2Fmedia&parent=28110"}],"wp:term":[{"taxonomy":"product_brand","embeddable":true,"href":"https:\/\/www.dreamtechnologie.com\/index.php?rest_route=%2Fwp%2Fv2%2Fproduct_brand&post=28110"},{"taxonomy":"product_cat","embeddable":true,"href":"https:\/\/www.dreamtechnologie.com\/index.php?rest_route=%2Fwp%2Fv2%2Fproduct_cat&post=28110"},{"taxonomy":"product_tag","embeddable":true,"href":"https:\/\/www.dreamtechnologie.com\/index.php?rest_route=%2Fwp%2Fv2%2Fproduct_tag&post=28110"}],"curies":[{"name":"wp","href":"https:\/\/api.w.org\/{rel}","templated":true}]}}