{"id":28093,"date":"2025-04-19T16:00:11","date_gmt":"2025-04-19T16:00:11","guid":{"rendered":"https:\/\/www.dreamtechnologie.com\/?post_type=product&#038;p=28093"},"modified":"2025-04-19T16:00:11","modified_gmt":"2025-04-19T16:00:11","slug":"hp-elitebook-850-g6","status":"publish","type":"product","link":"https:\/\/www.dreamtechnologie.com\/?product=hp-elitebook-850-g6","title":{"rendered":"HP EliteBook 850 G6"},"content":{"rendered":"<p class=\"\" data-start=\"824\" data-end=\"906\"><strong data-start=\"824\" data-end=\"906\">HP EliteBook 850 G6 \u2013 Puissance<\/strong><\/p>\n<div id=\"attachment_28098\" style=\"width: 310px\" class=\"wp-caption alignright\"><img fetchpriority=\"high\" decoding=\"async\" aria-describedby=\"caption-attachment-28098\" class=\"size-medium wp-image-28098\" src=\"https:\/\/www.dreamtechnologie.com\/wp-content\/uploads\/2025\/04\/Sans-titre-1-300x300.png\" alt=\"HP EliteBook 850 G6\" width=\"300\" height=\"300\" srcset=\"https:\/\/www.dreamtechnologie.com\/wp-content\/uploads\/2025\/04\/Sans-titre-1-300x300.png 300w, https:\/\/www.dreamtechnologie.com\/wp-content\/uploads\/2025\/04\/Sans-titre-1-150x150.png 150w, https:\/\/www.dreamtechnologie.com\/wp-content\/uploads\/2025\/04\/Sans-titre-1-430x430.png 430w, https:\/\/www.dreamtechnologie.com\/wp-content\/uploads\/2025\/04\/Sans-titre-1.png 600w\" sizes=\"(max-width: 300px) 100vw, 300px\" \/><p id=\"caption-attachment-28098\" class=\"wp-caption-text\">HP EliteBook 850 G6<\/p><\/div>\n<p class=\"\" data-start=\"824\" data-end=\"906\"><strong data-start=\"824\" data-end=\"906\">et fiabilit\u00e9 pour les professionnels exigeants<\/strong><\/p>\n<p class=\"\" data-start=\"908\" data-end=\"1031\"><span class=\"relative -mx-px my-[-0.2rem] rounded px-px py-[0.2rem] transition-colors duration-100 ease-in-out\">Le <strong data-start=\"3\" data-end=\"26\">HP EliteBook 850 G6<\/strong> est con\u00e7u pour offrir une performance optimale aux professionnels en d\u00e9placement.<\/span> <span class=\"relative -mx-px my-[-0.2rem] rounded px-px py-[0.2rem] transition-colors duration-100 ease-in-out\">Dot\u00e9 d\u2019un <strong data-start=\"10\" data-end=\"46\">processeur Intel\u00ae Core\u2122 i5-8365U<\/strong> de 8\u1d49 g\u00e9n\u00e9ration, de <strong data-start=\"68\" data-end=\"88\">8\u202fGo de RAM DDR4<\/strong> et d\u2019un <strong data-start=\"97\" data-end=\"119\">SSD NVMe de 256\u202fGo<\/strong>, il garantit une r\u00e9activit\u00e9 exceptionnelle pour toutes vos t\u00e2ches quotidiennes.<\/span>\u200b<\/p>\n<p class=\"\" data-start=\"1033\" data-end=\"1118\"><span class=\"relative -mx-px my-[-0.2rem] rounded px-px py-[0.2rem] transition-colors duration-100 ease-in-out\">Son <strong data-start=\"4\" data-end=\"36\">\u00e9cran de 15,6 pouces Full HD<\/strong> anti-reflets offre un confort visuel remarquable, tandis que la combinaison des <strong data-start=\"117\" data-end=\"145\">graphiques Intel UHD 620<\/strong> et de la <strong data-start=\"155\" data-end=\"197\">carte d\u00e9di\u00e9e AMD Radeon RX 550X (2\u202fGo)<\/strong> assure une qualit\u00e9 graphique sup\u00e9rieure, id\u00e9ale pour le multit\u00e2che et les applications graphiques.<\/span>\u200b<span class=\"ms-1 inline-flex max-w-full items-center relative top-[-0.094rem] animate-[show_150ms_ease-in]\"><a class=\"flex h-6 overflow-hidden rounded-xl px-2.5 text-[0.5625em] font-medium text-token-text-secondary! bg-[#F4F4F4]! dark:bg-[#303030]! transition-colors duration-150 ease-in-out\" href=\"https:\/\/objects.icecat.biz\/objects\/mmo_75029915_1575886243_6983_24845.pdf?utm_source=chatgpt.com\" target=\"_blank\" rel=\"noopener\"><span class=\"relative start-0 bottom-0 flex h-full w-full items-center\"><span class=\"flex h-4 w-full items-center justify-between overflow-hidden\"><span class=\"max-w-full grow truncate overflow-hidden text-center\">Icecat<\/span><\/span><\/span><\/a><\/span><\/p>\n<p class=\"\" data-start=\"1120\" data-end=\"1245\"><span class=\"relative -mx-px my-[-0.2rem] rounded px-px py-[0.2rem] transition-colors duration-100 ease-in-out\">Avec <strong data-start=\"5\" data-end=\"23\">Windows 10 Pro<\/strong>, b\u00e9n\u00e9ficiez d\u2019un environnement s\u00e9curis\u00e9 et professionnel.<\/span> <span class=\"relative -mx-px my-[-0.2rem] rounded px-px py-[0.2rem] transition-colors duration-100 ease-in-out\">Son design \u00e9l\u00e9gant et son poids l\u00e9ger d\u2019environ 1,78\u202fkg en font un compagnon de choix pour les professionnels mobiles.<\/span><\/p>\n","protected":false},"excerpt":{"rendered":"<p class=\"\" data-start=\"253\" data-end=\"321\"><strong data-start=\"253\" data-end=\"321\"> HP EliteBook 850 G6 \u2013 Performance et \u00e9l\u00e9gance professionnelle<\/strong><\/p>\n<ul data-start=\"323\" data-end=\"768\">\n<li class=\"\" data-start=\"323\" data-end=\"382\">\n<p class=\"\" data-start=\"325\" data-end=\"382\"> <strong data-start=\"328\" data-end=\"344\">Processeur :<\/strong> <span class=\"relative -mx-px my-[-0.2rem] rounded px-px py-[0.2rem] transition-colors duration-100 ease-in-out\">Intel\u00ae Core\u2122 i5-8365U (8\u1d49 g\u00e9n\u00e9ration)<\/span><\/p>\n<\/li>\n<li class=\"\" data-start=\"383\" data-end=\"439\">\n<p class=\"\" data-start=\"385\" data-end=\"439\"> <strong data-start=\"388\" data-end=\"401\">M\u00e9moire :<\/strong> <span class=\"relative -mx-px my-[-0.2rem] rounded px-px py-[0.2rem] transition-colors duration-100 ease-in-out\">8\u202fGo DDR4 2400 MHz<\/span><\/p>\n<\/li>\n<li class=\"\" data-start=\"440\" data-end=\"497\">\n<p class=\"\" data-start=\"442\" data-end=\"497\"> <strong data-start=\"445\" data-end=\"459\">Stockage :<\/strong> <span class=\"relative -mx-px my-[-0.2rem] rounded px-px py-[0.2rem] transition-colors duration-100 ease-in-out\">SSD NVMe 256\u202fGo<\/span><\/p>\n<\/li>\n<li class=\"\" data-start=\"498\" data-end=\"552\">\n<p class=\"\" data-start=\"500\" data-end=\"552\"> <strong data-start=\"503\" data-end=\"514\">\u00c9cran :<\/strong> <span class=\"relative -mx-px my-[-0.2rem] rounded px-px py-[0.2rem] transition-colors duration-100 ease-in-out\">15,6&Prime; Full HD (1920 x 1080) anti-reflets<\/span><\/p>\n<\/li>\n<li class=\"\" data-start=\"553\" data-end=\"612\">\n<p class=\"\" data-start=\"555\" data-end=\"612\"> <strong data-start=\"558\" data-end=\"574\">Graphiques :<\/strong> <span class=\"relative -mx-px my-[-0.2rem] rounded px-px py-[0.2rem] transition-colors duration-100 ease-in-out\">Intel UHD Graphics 620 + AMD Radeon RX 550X (2\u202fGo d\u00e9di\u00e9s)<\/span><\/p>\n<\/li>\n<li class=\"\" data-start=\"613\" data-end=\"669\">\n<p class=\"\" data-start=\"615\" data-end=\"669\"> <strong data-start=\"618\" data-end=\"631\">Syst\u00e8me :<\/strong> <span class=\"relative -mx-px my-[-0.2rem] rounded px-px py-[0.2rem] transition-colors duration-100 ease-in-out\">Windows 10 Pro 64 bits<\/span><\/p>\n<\/li>\n<li class=\"\" data-start=\"670\" data-end=\"768\">\n<p class=\"\" data-start=\"672\" data-end=\"768\"> <strong data-start=\"675\" data-end=\"686\">Poids :<\/strong> <span class=\"relative -mx-px my-[-0.2rem] rounded px-px py-[0.2rem] transition-colors duration-100 ease-in-out\">Environ 1,78\u202fkg<\/span><\/p>\n<\/li>\n<\/ul>\n","protected":false},"featured_media":28097,"comment_status":"open","ping_status":"closed","template":"","meta":[],"product_brand":[53],"product_cat":[112],"product_tag":[124],"class_list":{"0":"post-28093","1":"product","2":"type-product","3":"status-publish","4":"has-post-thumbnail","6":"product_brand-hp","7":"product_cat-hp","8":"product_tag-850g6","10":"first","11":"instock","12":"sale","13":"shipping-taxable","14":"purchasable","15":"product-type-simple"},"_links":{"self":[{"href":"https:\/\/www.dreamtechnologie.com\/index.php?rest_route=\/wp\/v2\/product\/28093","targetHints":{"allow":["GET"]}}],"collection":[{"href":"https:\/\/www.dreamtechnologie.com\/index.php?rest_route=\/wp\/v2\/product"}],"about":[{"href":"https:\/\/www.dreamtechnologie.com\/index.php?rest_route=\/wp\/v2\/types\/product"}],"replies":[{"embeddable":true,"href":"https:\/\/www.dreamtechnologie.com\/index.php?rest_route=%2Fwp%2Fv2%2Fcomments&post=28093"}],"version-history":[{"count":1,"href":"https:\/\/www.dreamtechnologie.com\/index.php?rest_route=\/wp\/v2\/product\/28093\/revisions"}],"predecessor-version":[{"id":28099,"href":"https:\/\/www.dreamtechnologie.com\/index.php?rest_route=\/wp\/v2\/product\/28093\/revisions\/28099"}],"wp:featuredmedia":[{"embeddable":true,"href":"https:\/\/www.dreamtechnologie.com\/index.php?rest_route=\/wp\/v2\/media\/28097"}],"wp:attachment":[{"href":"https:\/\/www.dreamtechnologie.com\/index.php?rest_route=%2Fwp%2Fv2%2Fmedia&parent=28093"}],"wp:term":[{"taxonomy":"product_brand","embeddable":true,"href":"https:\/\/www.dreamtechnologie.com\/index.php?rest_route=%2Fwp%2Fv2%2Fproduct_brand&post=28093"},{"taxonomy":"product_cat","embeddable":true,"href":"https:\/\/www.dreamtechnologie.com\/index.php?rest_route=%2Fwp%2Fv2%2Fproduct_cat&post=28093"},{"taxonomy":"product_tag","embeddable":true,"href":"https:\/\/www.dreamtechnologie.com\/index.php?rest_route=%2Fwp%2Fv2%2Fproduct_tag&post=28093"}],"curies":[{"name":"wp","href":"https:\/\/api.w.org\/{rel}","templated":true}]}}