{"id":28075,"date":"2025-04-18T20:23:12","date_gmt":"2025-04-18T20:23:12","guid":{"rendered":"https:\/\/www.dreamtechnologie.com\/?post_type=product&#038;p=28075"},"modified":"2025-04-27T10:05:05","modified_gmt":"2025-04-27T10:05:05","slug":"hp-probook-x360-11-g5-ee","status":"publish","type":"product","link":"https:\/\/www.dreamtechnologie.com\/?product=hp-probook-x360-11-g5-ee","title":{"rendered":"HP ProBook x360 11 G5 EE \u2013 PC hybride 2-en-1"},"content":{"rendered":"<p class=\"\" data-start=\"523\" data-end=\"594\"><strong data-start=\"523\" data-end=\"594\">H<\/strong><\/p>\n<div id=\"attachment_28076\" style=\"width: 310px\" class=\"wp-caption alignright\"><img fetchpriority=\"high\" decoding=\"async\" aria-describedby=\"caption-attachment-28076\" class=\"size-medium wp-image-28076\" src=\"https:\/\/www.dreamtechnologie.com\/wp-content\/uploads\/2025\/04\/ez_PROBOOK-11-G5-300x300.webp\" alt=\"HP ProBook x360 11 G5 EE \u2013 PC hybride 2-en-1\" width=\"300\" height=\"300\" srcset=\"https:\/\/www.dreamtechnologie.com\/wp-content\/uploads\/2025\/04\/ez_PROBOOK-11-G5-300x300.webp 300w, https:\/\/www.dreamtechnologie.com\/wp-content\/uploads\/2025\/04\/ez_PROBOOK-11-G5-800x800.webp 800w, https:\/\/www.dreamtechnologie.com\/wp-content\/uploads\/2025\/04\/ez_PROBOOK-11-G5-150x150.webp 150w, https:\/\/www.dreamtechnologie.com\/wp-content\/uploads\/2025\/04\/ez_PROBOOK-11-G5-768x768.webp 768w, https:\/\/www.dreamtechnologie.com\/wp-content\/uploads\/2025\/04\/ez_PROBOOK-11-G5-1536x1536.webp 1536w, https:\/\/www.dreamtechnologie.com\/wp-content\/uploads\/2025\/04\/ez_PROBOOK-11-G5-430x430.webp 430w, https:\/\/www.dreamtechnologie.com\/wp-content\/uploads\/2025\/04\/ez_PROBOOK-11-G5-700x700.webp 700w, https:\/\/www.dreamtechnologie.com\/wp-content\/uploads\/2025\/04\/ez_PROBOOK-11-G5.webp 2048w\" sizes=\"(max-width: 300px) 100vw, 300px\" \/><p id=\"caption-attachment-28076\" class=\"wp-caption-text\">HP ProBook x360 11 G5 EE \u2013 PC hybride 2-en-1<\/p><\/div>\n<p class=\"\" data-start=\"523\" data-end=\"594\"><strong data-start=\"523\" data-end=\"594\">P ProBook x360 11 G5 EE \u2013 Flexibilit\u00e9 et productivit\u00e9 au quotidien<\/strong><\/p>\n<p class=\"\" data-start=\"596\" data-end=\"884\">Le <strong data-start=\"599\" data-end=\"627\">HP ProBook x360 11 G5 EE<\/strong> est un ordinateur portable hybride 2-en-1 pens\u00e9 pour les professionnels, les \u00e9tudiants et les environnements \u00e9ducatifs. Dot\u00e9 d\u2019un <strong data-start=\"758\" data-end=\"793\">\u00e9cran tactile HD de 11,6 pouces<\/strong> rotatif \u00e0 360\u00b0, il peut s&rsquo;utiliser en mode tablette, tente, ou portable selon vos besoins.<\/p>\n<p class=\"\" data-start=\"886\" data-end=\"1226\">Avec son <strong data-start=\"895\" data-end=\"938\">processeur Intel\u00ae Pentium\u00ae Silver N5030<\/strong> (jusqu\u2019\u00e0 3,1 GHz), ses <strong data-start=\"962\" data-end=\"985\">8 Go de RAM LPDDR4x<\/strong> et son <strong data-start=\"993\" data-end=\"1010\">SSD de 256 Go<\/strong>, il garantit une fluidit\u00e9 parfaite pour les t\u00e2ches quotidiennes. Sa <strong data-start=\"1079\" data-end=\"1112\">carte graphique Intel UHD 605<\/strong> assure un affichage clair, tandis que <strong data-start=\"1151\" data-end=\"1169\">Windows 10 Pro<\/strong> offre un environnement professionnel stable et s\u00e9curis\u00e9.<\/p>\n<p class=\"\" data-start=\"1228\" data-end=\"1351\"><strong data-start=\"1231\" data-end=\"1245\">Id\u00e9al pour<\/strong> : enseignement, bureautique, t\u00e9l\u00e9travail, mobilit\u00e9<br data-start=\"1296\" data-end=\"1299\" \/>\ufe0f Design renforc\u00e9 \u2013 compact, l\u00e9ger et pr\u00eat \u00e0 durer<\/p>\n","protected":false},"excerpt":{"rendered":"<p class=\"\" data-start=\"176\" data-end=\"227\"><strong data-start=\"176\" data-end=\"227\">HP ProBook x360 11 G5 EE \u2013 PC hybride 2-en-1<\/strong><\/p>\n<ul data-start=\"229\" data-end=\"631\">\n<li class=\"\" data-start=\"229\" data-end=\"299\">\n<p class=\"\" data-start=\"231\" data-end=\"299\"><strong data-start=\"234\" data-end=\"250\">Processeur :<\/strong> Intel\u00ae Pentium\u00ae Silver N5030 (jusqu\u2019\u00e0 3,1 GHz)<\/p>\n<\/li>\n<li class=\"\" data-start=\"300\" data-end=\"353\">\n<p class=\"\" data-start=\"302\" data-end=\"353\"><strong data-start=\"305\" data-end=\"314\">RAM :<\/strong> 8\u202fGo LPDDR4x pour une bonne fluidit\u00e9<\/p>\n<\/li>\n<li class=\"\" data-start=\"354\" data-end=\"412\">\n<p class=\"\" data-start=\"356\" data-end=\"412\"><strong data-start=\"359\" data-end=\"373\">Stockage :<\/strong> SSD 256\u202fGo M.2 SATA rapide et fiable<\/p>\n<\/li>\n<li class=\"\" data-start=\"413\" data-end=\"463\">\n<p class=\"\" data-start=\"415\" data-end=\"463\"><strong data-start=\"418\" data-end=\"429\">\u00c9cran :<\/strong> 11,6&Prime; HD tactile rotatif \u00e0 360\u00b0<\/p>\n<\/li>\n<li class=\"\" data-start=\"464\" data-end=\"509\">\n<p class=\"\" data-start=\"466\" data-end=\"509\"><strong data-start=\"469\" data-end=\"484\">Graphique :<\/strong> Intel UHD Graphics 605<\/p>\n<\/li>\n<li class=\"\" data-start=\"510\" data-end=\"553\">\n<p class=\"\" data-start=\"512\" data-end=\"553\"><strong data-start=\"515\" data-end=\"528\">Syst\u00e8me :<\/strong> Windows 10 Pro 64 bits<\/p>\n<\/li>\n<\/ul>\n","protected":false},"featured_media":28080,"comment_status":"open","ping_status":"closed","template":"","meta":[],"product_brand":[53],"product_cat":[112],"product_tag":[136],"class_list":{"0":"post-28075","1":"product","2":"type-product","3":"status-publish","4":"has-post-thumbnail","6":"product_brand-hp","7":"product_cat-hp","8":"product_tag-11ee","10":"first","11":"instock","12":"sale","13":"shipping-taxable","14":"purchasable","15":"product-type-simple"},"_links":{"self":[{"href":"https:\/\/www.dreamtechnologie.com\/index.php?rest_route=\/wp\/v2\/product\/28075","targetHints":{"allow":["GET"]}}],"collection":[{"href":"https:\/\/www.dreamtechnologie.com\/index.php?rest_route=\/wp\/v2\/product"}],"about":[{"href":"https:\/\/www.dreamtechnologie.com\/index.php?rest_route=\/wp\/v2\/types\/product"}],"replies":[{"embeddable":true,"href":"https:\/\/www.dreamtechnologie.com\/index.php?rest_route=%2Fwp%2Fv2%2Fcomments&post=28075"}],"version-history":[{"count":2,"href":"https:\/\/www.dreamtechnologie.com\/index.php?rest_route=\/wp\/v2\/product\/28075\/revisions"}],"predecessor-version":[{"id":28197,"href":"https:\/\/www.dreamtechnologie.com\/index.php?rest_route=\/wp\/v2\/product\/28075\/revisions\/28197"}],"wp:featuredmedia":[{"embeddable":true,"href":"https:\/\/www.dreamtechnologie.com\/index.php?rest_route=\/wp\/v2\/media\/28080"}],"wp:attachment":[{"href":"https:\/\/www.dreamtechnologie.com\/index.php?rest_route=%2Fwp%2Fv2%2Fmedia&parent=28075"}],"wp:term":[{"taxonomy":"product_brand","embeddable":true,"href":"https:\/\/www.dreamtechnologie.com\/index.php?rest_route=%2Fwp%2Fv2%2Fproduct_brand&post=28075"},{"taxonomy":"product_cat","embeddable":true,"href":"https:\/\/www.dreamtechnologie.com\/index.php?rest_route=%2Fwp%2Fv2%2Fproduct_cat&post=28075"},{"taxonomy":"product_tag","embeddable":true,"href":"https:\/\/www.dreamtechnologie.com\/index.php?rest_route=%2Fwp%2Fv2%2Fproduct_tag&post=28075"}],"curies":[{"name":"wp","href":"https:\/\/api.w.org\/{rel}","templated":true}]}}