{"id":4439,"date":"2021-10-12T16:27:24","date_gmt":"2021-10-12T16:27:24","guid":{"rendered":"http:\/\/dummy.xtemos.com\/woodmart2\/elementor\/?page_id=4439"},"modified":"2025-04-24T21:21:33","modified_gmt":"2025-04-24T21:21:33","slug":"contact-us","status":"publish","type":"page","link":"https:\/\/www.dreamtechnologie.com\/?page_id=4439","title":{"rendered":"Contact us"},"content":{"rendered":"\t\t<div data-elementor-type=\"wp-page\" data-elementor-id=\"4439\" class=\"elementor elementor-4439\" data-elementor-post-type=\"page\">\n\t\t\t\t<div class=\"elementor-element elementor-element-68d0e93 wd-section-stretch-content e-flex e-con-boxed e-con e-parent\" data-id=\"68d0e93\" data-element_type=\"container\" data-e-type=\"container\">\n\t\t\t\t\t<div class=\"e-con-inner\">\n\t\t\t\t<div class=\"elementor-element elementor-element-5b5f235 wd-width-100 elementor-widget elementor-widget-wd_google_map\" data-id=\"5b5f235\" data-element_type=\"widget\" data-e-type=\"widget\" data-widget_type=\"wd_google_map.default\">\n\t\t\t\t<div class=\"elementor-widget-container\">\n\t\t\t\t\t\t\t<div class=\"google-map-container wd-map-container\" data-map-args='{\"multiple_markers\":\"no\",\"latitude\":\"33.59600669718927\",\"longitude\":\"-7.53810840547071\",\"zoom\":15,\"mouse_zoom\":\"no\",\"init_type\":\"page_load\",\"init_offset\":\"\",\"json_style\":\"W3siZmVhdHVyZVR5cGUiOiJsYW5kc2NhcGUubWFuX21hZGUiLCJlbGVtZW50VHlwZSI6ImFsbCIsInN0eWxlcnMiOlt7ImNvbG9yIjoiI2ZhZjVlZCJ9LHsibGlnaHRuZXNzIjoiMCJ9LHsiZ2FtbWEiOiIxIn1dfSx7ImZlYXR1cmVUeXBlIjoicG9pLnBhcmsiLCJlbGVtZW50VHlwZSI6Imdlb21ldHJ5LmZpbGwiLCJzdHlsZXJzIjpbeyJjb2xvciI6IiNiYWU1YTYifV19LHsiZmVhdHVyZVR5cGUiOiJyb2FkIiwiZWxlbWVudFR5cGUiOiJhbGwiLCJzdHlsZXJzIjpbeyJ3ZWlnaHQiOiIxLjAwIn0seyJnYW1tYSI6IjEuOCJ9LHsic2F0dXJhdGlvbiI6IjAifV19LHsiZmVhdHVyZVR5cGUiOiJyb2FkIiwiZWxlbWVudFR5cGUiOiJnZW9tZXRyeS5maWxsIiwic3R5bGVycyI6W3siaHVlIjoiI2ZmYjIwMCJ9XX0seyJmZWF0dXJlVHlwZSI6InJvYWQuYXJ0ZXJpYWwiLCJlbGVtZW50VHlwZSI6Imdlb21ldHJ5LmZpbGwiLCJzdHlsZXJzIjpbeyJsaWdodG5lc3MiOiIwIn0seyJnYW1tYSI6IjEifV19LHsiZmVhdHVyZVR5cGUiOiJ0cmFuc2l0LnN0YXRpb24uYWlycG9ydCIsImVsZW1lbnRUeXBlIjoiYWxsIiwic3R5bGVycyI6W3siaHVlIjoiI2IwMDBmZiJ9LHsic2F0dXJhdGlvbiI6IjIzIn0seyJsaWdodG5lc3MiOiItNCJ9LHsiZ2FtbWEiOiIwLjgwIn1dfSx7ImZlYXR1cmVUeXBlIjoid2F0ZXIiLCJlbGVtZW50VHlwZSI6ImFsbCIsInN0eWxlcnMiOlt7ImNvbG9yIjoiI2EwZGFmMiJ9XX1d\",\"marker_icon\":\"https:\\\/\\\/www.dreamtechnologie.com\\\/wp-content\\\/themes\\\/woodmart\\\/inc\\\/admin\\\/assets\\\/images\\\/google-icon.png\",\"marker_icon_size\":\"\",\"elementor\":true,\"marker_text_needed\":\"no\",\"marker_text\":\"<h3 style=\\\"min-width:300px; text-align:center; margin:15px;\\\"><\\\/h3>\",\"selector\":\"wd-map-id-6a05fb23d1ce5\",\"markers\":null,\"center\":\"\"}'>\n\n\t\t\t\n\t\t\t\n\t\t\t<div class=\"wd-google-map-wrapper wd-map-wrapper wd-fill\">\n\t\t\t\t<div id=\"wd-map-id-6a05fb23d1ce5\" class=\"wd-google-map without-content wd-fill\"><\/div>\n\t\t\t<\/div>\n\n\t\t\t\t\t<\/div>\n\t\t\t\t\t\t<\/div>\n\t\t\t\t<\/div>\n\t\t\t\t\t<\/div>\n\t\t\t\t<\/div>\n\t\t<div class=\"wd-negative-gap elementor-element elementor-element-cb322d0 e-flex e-con-boxed e-con e-parent\" data-id=\"cb322d0\" data-element_type=\"container\" data-e-type=\"container\">\n\t\t\t\t\t<div class=\"e-con-inner\">\n\t\t<div class=\"elementor-element elementor-element-1f0abe4 e-con-full e-flex e-con e-child\" data-id=\"1f0abe4\" data-element_type=\"container\" data-e-type=\"container\">\n\t\t\t\t<div class=\"elementor-element elementor-element-071523a wd-width-100 elementor-widget elementor-widget-wd_title\" data-id=\"071523a\" data-element_type=\"widget\" data-e-type=\"widget\" data-widget_type=\"wd_title.default\">\n\t\t\t\t<div class=\"elementor-widget-container\">\n\t\t\t\t\t\t\t<div class=\"title-wrapper wd-set-mb reset-last-child wd-title-color-default wd-title-style-default wd-title-size-default text-left\">\n\n\t\t\t\n\t\t\t<div class=\"liner-continer\">\n\t\t\t\t<h4 class=\"woodmart-title-container title wd-fontsize-l\"><\/h4> \n\t\t\t\t\t\t\t<\/div>\n\n\t\t\t\t\t<\/div>\n\t\t\t\t\t\t<\/div>\n\t\t\t\t<\/div>\n\t\t\t\t<div class=\"elementor-element elementor-element-2a7c1c6 elementor-widget elementor-widget-wd_accordion\" data-id=\"2a7c1c6\" data-element_type=\"widget\" data-e-type=\"widget\" data-widget_type=\"wd_accordion.default\">\n\t\t\t\t<div class=\"elementor-widget-container\">\n\t\t\t\t\t\n\t\t<div class=\"wd-accordion wd-style-default wd-titles-left wd-opener-pos-right wd-opener-style-arrow\" data-state=\"first\">\n\t\t\t\t\t\t\t\n\t\t\t\t<div class=\"wd-accordion-item\">\n\t\t\t\t\t<div class=\"wd-accordion-title wd-active\" data-accordion-index=\"0\">\n\t\t\t\t\t\t<div class=\"wd-accordion-title-text\">\n\t\t\t\t\t\t\t\t\t\t\t\t\t\t<span>\n\t\t\t\t\t\t\t\tWhere can I ship my order?\t\t\t\t\t\t\t<\/span>\n\t\t\t\t\t\t<\/div>\n\t\t\t\t\t\t<span class=\"wd-accordion-opener\"><\/span>\n\t\t\t\t\t<\/div>\n\n\t\t\t\t\t<div class=\"wd-accordion-content wd-entry-content wd-active\" data-accordion-index=\"0\">\n\t\t\t\t\t\t\t\t\t\t\t\t\t\n\t\t\t\t\t\t\t<h2 class=\"\" data-start=\"128\" data-end=\"152\">\ud83d\udcec <strong data-start=\"134\" data-end=\"152\">Contactez-nous<\/strong><\/h2><p class=\"\" data-start=\"154\" data-end=\"244\">Pour toute question, assistance ou demande de devis, notre \u00e9quipe est \u00e0 votre \u00e9coute 7j\/7.<\/p><p class=\"\" data-start=\"246\" data-end=\"503\">\ud83d\udccd <strong data-start=\"249\" data-end=\"260\">Adresse<\/strong> : R\u00e9sidence 32 Al Wifak, A\u00efn Seba\u00e2 \u2013 Casablanca<br data-start=\"308\" data-end=\"311\" \/>\ud83d\udcde <strong data-start=\"314\" data-end=\"329\">T\u00e9l\u00e9phone 1<\/strong> : 06 35 35 94 08<br data-start=\"346\" data-end=\"349\" \/>\ud83d\udcde <strong data-start=\"352\" data-end=\"367\">T\u00e9l\u00e9phone 2<\/strong> : 06 60 62 85 05<br data-start=\"384\" data-end=\"387\" \/>\ud83d\udce7 <strong data-start=\"390\" data-end=\"410\">Email assistance<\/strong> : <a rel=\"noopener\" data-start=\"413\" data-end=\"439\">dreamtechnologie@gmail.com<\/a><br data-start=\"439\" data-end=\"442\" \/>\ud83d\udce7 <strong data-start=\"445\" data-end=\"474\">Propositions commerciales<\/strong> : <a rel=\"noopener\" data-start=\"477\" data-end=\"501\">abdallahmsfr34@gmail.com<\/a><\/p><p class=\"\" data-start=\"505\" data-end=\"536\">\ud83d\udd52 <strong data-start=\"508\" data-end=\"532\">Horaires d\u2019ouverture<\/strong> :<\/p><ul data-start=\"537\" data-end=\"618\"><li class=\"\" data-start=\"537\" data-end=\"578\"><p class=\"\" data-start=\"539\" data-end=\"578\"><strong data-start=\"539\" data-end=\"560\">Lundi au vendredi<\/strong> : 09h00 \u2013 22h00<\/p><\/li><li class=\"\" data-start=\"579\" data-end=\"618\"><p class=\"\" data-start=\"581\" data-end=\"618\"><strong data-start=\"581\" data-end=\"602\">Samedi &amp; Dimanche<\/strong> : 09h00 \u2013 18h00<\/p><\/li><\/ul><hr class=\"\" data-start=\"620\" data-end=\"623\" \/><p class=\"\" data-start=\"625\" data-end=\"775\">\u2728 Que ce soit pour une commande, un conseil technique ou une collaboration, <strong data-start=\"701\" data-end=\"721\">DreamTechnologie<\/strong> vous accompagne avec professionnalisme et r\u00e9activit\u00e9<\/p>\n\t\t\t\t\t\t\t\t\t\t\t\t\t\t\t\t\t\t<\/div>\n\t\t\t\t<\/div>\n\t\t\t\t\t<\/div>\n\t\t\t\t\t\t<\/div>\n\t\t\t\t<\/div>\n\t\t\t\t<\/div>\n\t\t<div class=\"elementor-element elementor-element-789122a e-con-full e-flex e-con e-child\" data-id=\"789122a\" data-element_type=\"container\" data-e-type=\"container\">\n\t\t\t\t<div class=\"elementor-element elementor-element-775ddc4 wd-width-100 elementor-widget elementor-widget-wd_title\" data-id=\"775ddc4\" data-element_type=\"widget\" data-e-type=\"widget\" data-widget_type=\"wd_title.default\">\n\t\t\t\t<div class=\"elementor-widget-container\">\n\t\t\t\t\t\t\t<div class=\"title-wrapper wd-set-mb reset-last-child wd-title-color-default wd-title-style-default wd-title-size-default text-left\">\n\n\t\t\t\t\t\t\t\t\t\t\t<div class=\"title-subtitle subtitle-color-default subtitle-style-default wd-fontsize-xs\">\n\t\t\t\t\tA PROPOS DE NOUS<br \/>\n\t\t\t\t<\/div>\n\t\t\t\n\t\t\t<div class=\"liner-continer\">\n\t\t\t\t<h4 class=\"woodmart-title-container title wd-fontsize-l\">CONTACTEZ-NOUS POUR TOUTE QUESTIONS<\/h4> \n\t\t\t\t\t\t\t<\/div>\n\n\t\t\t\t\t<\/div>\n\t\t\t\t\t\t<\/div>\n\t\t\t\t<\/div>\n\t\t\t\t<div class=\"elementor-element elementor-element-3c67846 wd-cf7 elementor-widget elementor-widget-wd_contact_form_7\" data-id=\"3c67846\" data-element_type=\"widget\" data-e-type=\"widget\" data-widget_type=\"wd_contact_form_7.default\">\n\t\t\t\t<div class=\"elementor-widget-container\">\n\t\t\t\t\t\n<div class=\"wpcf7 no-js\" id=\"wpcf7-f17-o1\" lang=\"fr-FR\" dir=\"ltr\" data-wpcf7-id=\"17\">\n<div class=\"screen-reader-response\"><p role=\"status\" aria-live=\"polite\" aria-atomic=\"true\"><\/p> <ul><\/ul><\/div>\n<form action=\"\/index.php?rest_route=%2Fwp%2Fv2%2Fpages%2F4439#wpcf7-f17-o1\" method=\"post\" class=\"wpcf7-form init\" aria-label=\"Formulaire de contact\" novalidate=\"novalidate\" data-status=\"init\">\n<fieldset class=\"hidden-fields-container\"><input type=\"hidden\" name=\"_wpcf7\" value=\"17\" \/><input type=\"hidden\" name=\"_wpcf7_version\" value=\"6.1.5\" \/><input type=\"hidden\" name=\"_wpcf7_locale\" value=\"fr_FR\" \/><input type=\"hidden\" name=\"_wpcf7_unit_tag\" value=\"wpcf7-f17-o1\" \/><input type=\"hidden\" name=\"_wpcf7_container_post\" value=\"0\" \/><input type=\"hidden\" name=\"_wpcf7_posted_data_hash\" value=\"\" \/>\n<\/fieldset>\n<p><label> Votre nom<br \/>\n<span class=\"wpcf7-form-control-wrap\" data-name=\"your-name\"><input size=\"40\" maxlength=\"400\" class=\"wpcf7-form-control wpcf7-text wpcf7-validates-as-required\" autocomplete=\"name\" aria-required=\"true\" aria-invalid=\"false\" value=\"\" type=\"text\" name=\"your-name\" \/><\/span> <\/label>\n<\/p>\n<p><label> Votre e-mail<br \/>\n<span class=\"wpcf7-form-control-wrap\" data-name=\"your-email\"><input size=\"40\" maxlength=\"400\" class=\"wpcf7-form-control wpcf7-email wpcf7-validates-as-required wpcf7-text wpcf7-validates-as-email\" autocomplete=\"email\" aria-required=\"true\" aria-invalid=\"false\" value=\"\" type=\"email\" name=\"your-email\" \/><\/span> <\/label>\n<\/p>\n<p><label> Objet<br \/>\n<span class=\"wpcf7-form-control-wrap\" data-name=\"your-subject\"><input size=\"40\" maxlength=\"400\" class=\"wpcf7-form-control wpcf7-text wpcf7-validates-as-required\" aria-required=\"true\" aria-invalid=\"false\" value=\"\" type=\"text\" name=\"your-subject\" \/><\/span> <\/label>\n<\/p>\n<p><label> Votre message (facultatif)<br \/>\n<span class=\"wpcf7-form-control-wrap\" data-name=\"your-message\"><textarea cols=\"40\" rows=\"10\" maxlength=\"2000\" class=\"wpcf7-form-control wpcf7-textarea\" aria-invalid=\"false\" name=\"your-message\"><\/textarea><\/span> <\/label>\n<\/p>\n<p><input class=\"wpcf7-form-control wpcf7-submit has-spinner\" type=\"submit\" value=\"Envoyer\" \/>\n<\/p><div class=\"wpcf7-response-output\" aria-hidden=\"true\"><\/div>\n<\/form>\n<\/div>\n\t\t\t\t<\/div>\n\t\t\t\t<\/div>\n\t\t\t\t<\/div>\n\t\t\t\t\t<\/div>\n\t\t\t\t<\/div>\n\t\t<div class=\"wd-negative-gap elementor-element elementor-element-06d3f4c e-flex e-con-boxed e-con e-parent\" data-id=\"06d3f4c\" data-element_type=\"container\" data-e-type=\"container\">\n\t\t\t\t\t<div class=\"e-con-inner\">\n\t\t\t\t<div class=\"elementor-element elementor-element-1950b91 elementor-widget elementor-widget-wd_image_or_svg\" data-id=\"1950b91\" data-element_type=\"widget\" data-e-type=\"widget\" data-widget_type=\"wd_image_or_svg.default\">\n\t\t\t\t<div class=\"elementor-widget-container\">\n\t\t\t\t\t\n\t\t<div class=\"wd-image text-left\">\n\t\t\t\t\t\t\t\t<img fetchpriority=\"high\" decoding=\"async\" width=\"1536\" height=\"1024\" src=\"https:\/\/www.dreamtechnologie.com\/wp-content\/uploads\/2025\/04\/ChatGPT-Image-24-avr.-2025-23_12_20.png\" class=\"attachment-2048x2048 size-2048x2048\" alt=\"\" srcset=\"https:\/\/www.dreamtechnologie.com\/wp-content\/uploads\/2025\/04\/ChatGPT-Image-24-avr.-2025-23_12_20.png 1536w, https:\/\/www.dreamtechnologie.com\/wp-content\/uploads\/2025\/04\/ChatGPT-Image-24-avr.-2025-23_12_20-400x267.png 400w, https:\/\/www.dreamtechnologie.com\/wp-content\/uploads\/2025\/04\/ChatGPT-Image-24-avr.-2025-23_12_20-1200x800.png 1200w, https:\/\/www.dreamtechnologie.com\/wp-content\/uploads\/2025\/04\/ChatGPT-Image-24-avr.-2025-23_12_20-768x512.png 768w, https:\/\/www.dreamtechnologie.com\/wp-content\/uploads\/2025\/04\/ChatGPT-Image-24-avr.-2025-23_12_20-430x287.png 430w, https:\/\/www.dreamtechnologie.com\/wp-content\/uploads\/2025\/04\/ChatGPT-Image-24-avr.-2025-23_12_20-700x467.png 700w, https:\/\/www.dreamtechnologie.com\/wp-content\/uploads\/2025\/04\/ChatGPT-Image-24-avr.-2025-23_12_20-150x100.png 150w\" sizes=\"(max-width: 1536px) 100vw, 1536px\" \/>\t\t\t\t\t<\/div>\n\n\t\t\t\t\t\t<\/div>\n\t\t\t\t<\/div>\n\t\t\t\t\t<\/div>\n\t\t\t\t<\/div>\n\t\t<div class=\"wd-negative-gap elementor-element elementor-element-d272f1f e-grid e-con-boxed e-con e-parent\" data-id=\"d272f1f\" data-element_type=\"container\" data-e-type=\"container\">\n\t\t\t\t\t<div class=\"e-con-inner\">\n\t\t\t\t<div class=\"elementor-element elementor-element-ce27d14 elementor-widget elementor-widget-wd_text_block\" data-id=\"ce27d14\" data-element_type=\"widget\" data-e-type=\"widget\" data-widget_type=\"wd_text_block.default\">\n\t\t\t\t<div class=\"elementor-widget-container\">\n\t\t\t\t\t\t\t<div class=\"wd-text-block reset-last-child text-center\">\n\t\t\t\n\t\t\t<div id=\"wd-75d54f3e\" class=\"wp-block-wd-icon\"><img decoding=\"async\" class=\"wd-lazy-fade wd-loaded alignnone wp-image-1463\" src=\"https:\/\/media.tera.ma\/wp-content\/uploads\/2025\/01\/service_livraison.svg\" alt=\"\" width=\"191\" height=\"132\" data-src=\"https:\/\/media.tera.ma\/wp-content\/uploads\/2025\/01\/service_livraison.svg\" \/><\/div><div id=\"wd-ee0277ff\" class=\"wp-block-wd-container wd-dir-col\"><h2 id=\"wd-210bcd8c\" class=\"wp-block-wd-title title\">Livraison \u00e0 domicile<\/h2><p id=\"wd-3b32b75e\" class=\"wp-block-wd-paragraph\"><strong>Partout au Maroc<\/strong><\/p><\/div>\n\t\t\t\t\t<\/div>\n\t\t\t\t\t\t<\/div>\n\t\t\t\t<\/div>\n\t\t\t\t<div class=\"elementor-element elementor-element-8cb88b9 elementor-widget elementor-widget-wd_text_block\" data-id=\"8cb88b9\" data-element_type=\"widget\" data-e-type=\"widget\" data-widget_type=\"wd_text_block.default\">\n\t\t\t\t<div class=\"elementor-widget-container\">\n\t\t\t\t\t\t\t<div class=\"wd-text-block reset-last-child text-center\">\n\t\t\t\n\t\t\t<div id=\"wd-764451dd\" class=\"wp-block-wd-icon\"><img decoding=\"async\" class=\"wd-lazy-fade wp-image-1465 wd-loaded\" src=\"https:\/\/media.tera.ma\/wp-content\/uploads\/2025\/01\/arrow-left-right-svgrepo-com-1.svg\" alt=\"\" width=\"107\" height=\"107\" data-src=\"https:\/\/media.tera.ma\/wp-content\/uploads\/2025\/01\/arrow-left-right-svgrepo-com-1.svg\" \/><\/div><div id=\"wd-0a7ced42\" class=\"wp-block-wd-container wd-dir-col\"><h2 id=\"wd-2a870f68\" class=\"wp-block-wd-title title\">Retours et remboursement<\/h2><\/div>\n\t\t\t\t\t<\/div>\n\t\t\t\t\t\t<\/div>\n\t\t\t\t<\/div>\n\t\t\t\t<div class=\"elementor-element elementor-element-6fdd6f7 elementor-widget elementor-widget-wd_text_block\" data-id=\"6fdd6f7\" data-element_type=\"widget\" data-e-type=\"widget\" data-widget_type=\"wd_text_block.default\">\n\t\t\t\t<div class=\"elementor-widget-container\">\n\t\t\t\t\t\t\t<div class=\"wd-text-block reset-last-child text-center\">\n\t\t\t\n\t\t\t<div id=\"wd-8ea3a21c\" class=\"wp-block-wd-icon\"><img loading=\"lazy\" decoding=\"async\" class=\"wd-lazy-fade wp-image-1464 wd-loaded alignnone\" src=\"https:\/\/media.tera.ma\/wp-content\/uploads\/2025\/01\/online-service-svgrepo-com.svg\" alt=\"\" width=\"122\" height=\"122\" data-src=\"https:\/\/media.tera.ma\/wp-content\/uploads\/2025\/01\/online-service-svgrepo-com.svg\" \/><\/div><div id=\"wd-4e97adbb\" class=\"wp-block-wd-container wd-dir-col\"><h2 id=\"wd-c1d8fa5e\" class=\"wp-block-wd-title title\">Service Client 7j\/7<\/h2><p id=\"wd-ee66dfb6\" class=\"wp-block-wd-paragraph\"><strong>Dans Magasin et \u00e0 Domicile.<\/strong><\/p><\/div>\n\t\t\t\t\t<\/div>\n\t\t\t\t\t\t<\/div>\n\t\t\t\t<\/div>\n\t\t\t\t\t<\/div>\n\t\t\t\t<\/div>\n\t\t\t\t<\/div>\n\t\t","protected":false},"excerpt":{"rendered":"<p>\u00ab\u00a0,\u00a0\u00bbselector\u00a0\u00bb:\u00a0\u00bbwd-map-id-68094071ef162&Prime;,\u00a0\u00bbmarkers\u00a0\u00bb:null,\u00a0\u00bbcenter\u00a0\u00bb:\u00a0\u00bb\u00a0\u00bb}&rsquo;> INFORMATION QUESTIONS FREQUENTLY ASKED QUESTIONS Will I receive the same product that I see in the picture? Consectetur cras<\/p>\n","protected":false},"author":1,"featured_media":0,"parent":0,"menu_order":0,"comment_status":"closed","ping_status":"closed","template":"","meta":{"footnotes":""},"class_list":["post-4439","page","type-page","status-publish","hentry"],"_links":{"self":[{"href":"https:\/\/www.dreamtechnologie.com\/index.php?rest_route=\/wp\/v2\/pages\/4439","targetHints":{"allow":["GET"]}}],"collection":[{"href":"https:\/\/www.dreamtechnologie.com\/index.php?rest_route=\/wp\/v2\/pages"}],"about":[{"href":"https:\/\/www.dreamtechnologie.com\/index.php?rest_route=\/wp\/v2\/types\/page"}],"author":[{"embeddable":true,"href":"https:\/\/www.dreamtechnologie.com\/index.php?rest_route=\/wp\/v2\/users\/1"}],"replies":[{"embeddable":true,"href":"https:\/\/www.dreamtechnologie.com\/index.php?rest_route=%2Fwp%2Fv2%2Fcomments&post=4439"}],"version-history":[{"count":26,"href":"https:\/\/www.dreamtechnologie.com\/index.php?rest_route=\/wp\/v2\/pages\/4439\/revisions"}],"predecessor-version":[{"id":28182,"href":"https:\/\/www.dreamtechnologie.com\/index.php?rest_route=\/wp\/v2\/pages\/4439\/revisions\/28182"}],"wp:attachment":[{"href":"https:\/\/www.dreamtechnologie.com\/index.php?rest_route=%2Fwp%2Fv2%2Fmedia&parent=4439"}],"curies":[{"name":"wp","href":"https:\/\/api.w.org\/{rel}","templated":true}]}}